{"id":102,"date":"2022-03-03T15:05:38","date_gmt":"2022-03-03T14:05:38","guid":{"rendered":"https:\/\/www.strategicminerals.com\/?page_id=102"},"modified":"2023-06-22T09:55:32","modified_gmt":"2023-06-22T07:55:32","slug":"strategic-minerals-europe-corp","status":"publish","type":"page","link":"https:\/\/www.strategicminerals.com\/es\/","title":{"rendered":"Strategic Minerals Europe Corp."},"content":{"rendered":"<p>[vc_row full_width=\u00bbstretch_row_content_no_spaces\u00bb full_height=\u00bbyes\u00bb foundry_padding=\u00bbpt64 pb64&#8243; foundry_parallax=\u00bbnot-parallax\u00bb css=\u00bb.vc_custom_1651508335201{background-position: center !important;background-repeat: no-repeat !important;background-size: cover !important;}\u00bb][vc_column el_class=\u00bbtitulo-home\u00bb]\n\t\t\t<!-- START Slider ES video REVOLUTION SLIDER 6.5.18 --><p class=\"rs-p-wp-fix\"><\/p>\n\t\t\t<rs-module-wrap id=\"rev_slider_4_1_wrapper\" data-source=\"gallery\" style=\"visibility:hidden;background:transparent;padding:0;margin:0px auto;margin-top:0;margin-bottom:0;\">\n\t\t\t\t<rs-module id=\"rev_slider_4_1\" style=\"\" data-version=\"6.5.18\">\n\t\t\t\t\t<rs-slides>\n\t\t\t\t\t\t<rs-slide style=\"position: absolute;\" data-key=\"rs-7\" data-title=\"Slide\" data-in=\"o:0;col:400;\" data-out=\"a:false;\">\n\t\t\t\t\t\t\t<img loading=\"lazy\" decoding=\"async\" src=\"\/\/www.strategicminerals.com\/wp-content\/plugins\/revslider\/public\/assets\/assets\/dummy.png\" alt=\"\" title=\"strategic-minerals-mayo_1\" width=\"2880\" height=\"1800\" class=\"rev-slidebg tp-rs-img rs-lazyload\" data-lazyload=\"\/\/www.strategicminerals.com\/wp-content\/uploads\/revslider\/video-media\/strategicminerals-mayo_5-scaled.jpeg\" data-no-retina>\n\t\t\t\t\t\t\t<rs-bgvideo \n\t\t\t\t\t\t\t\tdata-video=\"w:100%;h:100%;nse:false;l:true;ptimer:false;vfc:true;\"\n\t\t\t\t\t\t\t\tdata-mp4=\"\/\/www.strategicminerals.com\/wp-content\/uploads\/2022\/06\/strategicminerals-mayo.mp4\"\n\t\t\t\t\t\t\t><\/rs-bgvideo>\n<!--\n\t\t\t\t\t\t\t--><rs-layer\n\t\t\t\t\t\t\t\tid=\"slider-4-slide-7-layer-0\" \n\t\t\t\t\t\t\t\tdata-type=\"text\"\n\t\t\t\t\t\t\t\tdata-rsp_ch=\"on\"\n\t\t\t\t\t\t\t\tdata-xy=\"x:c;y:m;\"\n\t\t\t\t\t\t\t\tdata-text=\"w:normal;s:20,20,12,7;l:25,25,15,9;a:center;\"\n\t\t\t\t\t\t\t\tdata-dim=\"w:780px,780px,489px,301px;\"\n\t\t\t\t\t\t\t\tdata-frame_0=\"y:-100%;\"\n\t\t\t\t\t\t\t\tdata-frame_0_mask=\"u:t;\"\n\t\t\t\t\t\t\t\tdata-frame_1=\"sp:1200;\"\n\t\t\t\t\t\t\t\tdata-frame_1_mask=\"u:t;\"\n\t\t\t\t\t\t\t\tdata-frame_999=\"o:0;st:w;\"\n\t\t\t\t\t\t\t\tstyle=\"z-index:9;font-family:'Roboto';\"\n\t\t\t\t\t\t\t><h1 class=\"slider\">Strategic Minerals Europe Corp, Miner\u00eda moderna, responsable y sostenible<\/h1> \n\t\t\t\t\t\t\t<\/rs-layer><!--\n\n\t\t\t\t\t\t\t--><a\n\t\t\t\t\t\t\t\tid=\"slider-4-slide-7-layer-1\" \n\t\t\t\t\t\t\t\tclass=\"rs-layer\"\n\t\t\t\t\t\t\t\thref=\"\/en\/sme\/#empresa\" target=\"_self\"\n\t\t\t\t\t\t\t\tdata-type=\"shape\"\n\t\t\t\t\t\t\t\tdata-rsp_ch=\"on\"\n\t\t\t\t\t\t\t\tdata-xy=\"x:c;y:m;\"\n\t\t\t\t\t\t\t\tdata-text=\"w:normal;s:20,20,12,7;l:0,0,15,9;\"\n\t\t\t\t\t\t\t\tdata-dim=\"w:3000px,3000px,1881px,1160px;h:3000px,3000px,1881px,1160px;\"\n\t\t\t\t\t\t\t\tdata-frame_999=\"o:0;st:w;\"\n\t\t\t\t\t\t\t\tstyle=\"z-index:8;background-color:rgba(0,0,0,0.18);\"\n\t\t\t\t\t\t\t> \n\t\t\t\t\t\t\t<\/a><!--\n\n\t\t\t\t\t\t\t--><a\n\t\t\t\t\t\t\t\tid=\"slider-4-slide-7-layer-2\" \n\t\t\t\t\t\t\t\tclass=\"rs-layer rev-btn\"\n\t\t\t\t\t\t\t\thref=\"\/es\/sme\/#empresa\" target=\"_self\"\n\t\t\t\t\t\t\t\tdata-type=\"button\"\n\t\t\t\t\t\t\t\tdata-rsp_ch=\"on\"\n\t\t\t\t\t\t\t\tdata-xy=\"x:c;yo:569px,569px,356px,219px;\"\n\t\t\t\t\t\t\t\tdata-text=\"w:normal;s:17,17,10,6;l:40,40,25,15;fw:300;\"\n\t\t\t\t\t\t\t\tdata-dim=\"minh:0px,0px,none,none;\"\n\t\t\t\t\t\t\t\tdata-padding=\"r:25,25,16,10;l:25,25,16,10;\"\n\t\t\t\t\t\t\t\tdata-frame_999=\"o:0;st:w;\"\n\t\t\t\t\t\t\t\tdata-frame_hover=\"c:#629bcf;bgc:#c7c7cc;bor:0px,0px,0px,0px;bri:120%;\"\n\t\t\t\t\t\t\t\tstyle=\"z-index:10;background-color:#629bcf;font-family:'Roboto';\"\n\t\t\t\t\t\t\t>Presentaci\u00f3n de la compa\u00f1\u00eda \n\t\t\t\t\t\t\t<\/a><!--\n-->\t\t\t\t\t\t<\/rs-slide>\n\t\t\t\t\t<\/rs-slides>\n\t\t\t\t<\/rs-module>\n\t\t\t\t<script>\n\t\t\t\t\tsetREVStartSize({c: 'rev_slider_4_1',rl:[1240,1240,778,480],el:[900,900,960,720],gw:[1240,1240,778,480],gh:[900,900,960,720],type:'standard',justify:'',layout:'fullwidth',mh:\"0\"});if (window.RS_MODULES!==undefined && window.RS_MODULES.modules!==undefined && window.RS_MODULES.modules[\"revslider41\"]!==undefined) {window.RS_MODULES.modules[\"revslider41\"].once = false;window.revapi4 = undefined;if (window.RS_MODULES.checkMinimal!==undefined) window.RS_MODULES.checkMinimal()}\n\t\t\t\t<\/script>\n\t\t\t<\/rs-module-wrap>\n\t\t\t<!-- END REVOLUTION SLIDER -->\n[\/vc_column][\/vc_row][vc_row equal_height=\u00bbyes\u00bb foundry_padding=\u00bbpt64 pb64&#8243;][vc_column width=\u00bb1\/2&#8243;][vc_single_image image=\u00bb829&#8243; img_size=\u00bbfull\u00bb alignment=\u00bbcenter\u00bb][vc_column_text]<strong>Strategic Minerals Europe Corp.<\/strong>es una empresa minera canadiense enfocada en el desarrollo de una miner\u00eda moderna, sostenible y responsable. Su actividad comercial se centra en la investigaci\u00f3n, extracci\u00f3n, procesamiento y venta de metales estrat\u00e9gicos para las nuevas econom\u00edas digitales y verdes.<\/p>\n<p>Actualmente, SMS es el mayor productor de concentrado de casiterita y concentrado de columbita en la Uni\u00f3n Europea, y ha sido reconocida por la UE como una empresa ejemplar por sus pr\u00e1cticas en el marco de la econom\u00eda circular.<\/p>\n<p>SMS cotiza en la Bolsa NEO de Toronto (SNTA), en la Bolsa de Frankfurt (26K0) y en OTCCQB (SNTAF).[\/vc_column_text][vc_column_text]<a class=\"btn\" href=\"\/es\/sme\/#empresa\">Sobre nosotros<\/a>[\/vc_column_text][\/vc_column][vc_column width=\u00bb1\/2&#8243;][vc_row_inner][vc_column_inner el_class=\u00bbcol-cuadro-home\u00bb css=\u00bb.vc_custom_1654183738907{background-image: url(https:\/\/www.strategicminerals.com\/wp-content\/uploads\/2022\/05\/innovacion-1.jpg?id=1122) !important;background-position: center !important;background-repeat: no-repeat !important;background-size: cover !important;}\u00bb][vc_column_text el_class=\u00bbcol-blanco-2 opacidad\u00bb]<\/p>\n<h3 class=\"titulo-1\"><strong>Miramos al futuro desde la innovaci\u00f3n<\/strong><\/h3>\n<p style=\"text-align: left;\"><a class=\"btn-alt\" href=\"\/es\/innovacion\/\">Innovaci\u00f3n<\/a><\/p>\n<p>[\/vc_column_text][\/vc_column_inner][\/vc_row_inner][vc_empty_space height=\u00bb20px\u00bb][vc_row_inner][vc_column_inner el_class=\u00bbcol-cuadro-home\u00bb css=\u00bb.vc_custom_1654183746898{background-image: url(https:\/\/www.strategicminerals.com\/wp-content\/uploads\/2022\/03\/minapenouta.jpg?id=449) !important;background-position: center !important;background-repeat: no-repeat !important;background-size: cover !important;}\u00bb][vc_column_text el_class=\u00bbcol-blanco-2 opacidad\u00bb]<\/p>\n<h3><strong>Mina de Penouta<\/strong><\/h3>\n<h4>Proyecto minero de referencia internacional y de minerales estrat\u00e9gicos para Europa<\/h4>\n<p style=\"text-align: left;\"><a class=\"btn-alt\" href=\"\/es\/hacemos\/#mina\">Ver m\u00e1s<\/a><\/p>\n<p>[\/vc_column_text][\/vc_column_inner][\/vc_row_inner][vc_empty_space height=\u00bb20px\u00bb][vc_row_inner][vc_column_inner el_class=\u00bbcol-cuadro-home\u00bb css=\u00bb.vc_custom_1654183755492{background-image: url(https:\/\/www.strategicminerals.com\/wp-content\/uploads\/2022\/03\/minerales-scaled.jpg?id=447) !important;background-position: center !important;background-repeat: no-repeat !important;background-size: cover !important;}\u00bb][vc_column_text el_class=\u00bbcol-blanco-2 opacidad\u00bb]<\/p>\n<h3><strong>Minerales estrat\u00e9gicos en la nueva econom\u00eda<\/strong><\/h3>\n<h4>Claves para un mundo en cambio constante<\/h4>\n<p style=\"text-align: left;\"><a class=\"btn-alt\" href=\"\/es\/hacemos\/#productos\">Nuestros productos<\/a><\/p>\n<p>[\/vc_column_text][\/vc_column_inner][\/vc_row_inner][\/vc_column][\/vc_row][vc_row foundry_background_style=\u00bbbg-secondary\u00bb foundry_padding=\u00bbpt64 pb64&#8243;][vc_column][vc_column_text]<\/p>\n<h2 style=\"text-align: center;\">Noticias<\/h2>\n<p>[\/vc_column_text][vc_basic_grid post_type=\u00bbpost\u00bb max_items=\u00bb3&#8243; item=\u00bb253&#8243; grid_id=\u00bbvc_gid:1687420499389-32e94b64-5fcb-9&#8243; el_class=\u00bbpublis-id\u00bb taxonomies=\u00bb23&#8243;][vc_column_text]<\/p>\n<p style=\"text-align: center;\"><a class=\"btn\" href=\"\/es\/prensa\/\">Ver todas<\/a><\/p>\n<p>[\/vc_column_text][\/vc_column][\/vc_row][vc_row foundry_background_style=\u00bbbg-primary\u00bb foundry_padding=\u00bbpt64 pb64&#8243;][vc_column][vc_row_inner][vc_column_inner width=\u00bb1\/3&#8243; offset=\u00bbvc_col-lg-offset-4&#8243;][vc_column_text]<\/p>\n<h3 style=\"text-align: center;\">\u00bfTienes alguna duda o sugerencia?<\/h3>\n<p style=\"text-align: center;\">Contacta con nosotros para cualquier duda o sugerencia<\/p>\n<p style=\"text-align: center;\"><a class=\"btn\" href=\"\/es\/contacto\">Contacto<\/a><\/p>\n<p>[\/vc_column_text][\/vc_column_inner][\/vc_row_inner][\/vc_column][\/vc_row]<\/p>\n","protected":false},"excerpt":{"rendered":"<p>[vc_row full_width=\u00bbstretch_row_content_no_spaces\u00bb full_height=\u00bbyes\u00bb foundry_padding=\u00bbpt64 pb64&#8243; foundry_parallax=\u00bbnot-parallax\u00bb css=\u00bb.vc_custom_1651508335201{background-position: center !important;background-repeat: no-repeat !important;background-size: cover !important;}\u00bb][vc_column el_class=\u00bbtitulo-home\u00bb][\/vc_column][\/vc_row][vc_row equal_height=\u00bbyes\u00bb foundry_padding=\u00bbpt64 pb64&#8243;][vc_column width=\u00bb1\/2&#8243;][vc_single_image image=\u00bb829&#8243; img_size=\u00bbfull\u00bb alignment=\u00bbcenter\u00bb][vc_column_text]Strategic&#8230;<\/p>\n","protected":false},"author":1,"featured_media":0,"parent":0,"menu_order":0,"comment_status":"closed","ping_status":"closed","template":"","meta":{"footnotes":"","_links_to":"","_links_to_target":""},"class_list":["post-102","page","type-page","status-publish","hentry"],"yoast_head":"<!-- This site is optimized with the Yoast SEO plugin v19.0 - https:\/\/yoast.com\/wordpress\/plugins\/seo\/ -->\n<title>Strategic Minerals Europe Corp. | Strategic Minerals<\/title>\n<meta name=\"description\" content=\"Strategic Minerals Europe Corp.es una empresa canadiense enfocada en el desarrollo de una Miner\u00eda Moderna, Responsable y Sostenible en Europa, y al mismo tiempo responsable con la sociedad y el medio ambiente.\" \/>\n<meta name=\"robots\" content=\"index, follow, max-snippet:-1, max-image-preview:large, max-video-preview:-1\" \/>\n<link rel=\"canonical\" href=\"https:\/\/www.strategicminerals.com\/es\/\" \/>\n<meta property=\"og:locale\" content=\"es_ES\" \/>\n<meta property=\"og:type\" content=\"article\" \/>\n<meta property=\"og:title\" content=\"Strategic Minerals Europe Corp.\" \/>\n<meta property=\"og:description\" content=\"Strategic Minerals Europe Corp.es una empresa canadiense enfocada en el desarrollo de una Miner\u00eda Moderna, Responsable y Sostenible en Europa, y al mismo tiempo responsable con la sociedad y el medio ambiente.\" \/>\n<meta property=\"og:url\" content=\"https:\/\/www.strategicminerals.com\/es\/\" \/>\n<meta property=\"og:site_name\" content=\"Strategic Minerals\" \/>\n<meta property=\"article:publisher\" content=\"https:\/\/www.facebook.com\/strategicmineralsspain\/\" \/>\n<meta property=\"article:modified_time\" content=\"2023-06-22T07:55:32+00:00\" \/>\n<meta property=\"og:image\" content=\"https:\/\/www.strategicminerals.com\/wp-content\/uploads\/2022\/07\/SME-seofb.jpg\" \/>\n\t<meta property=\"og:image:width\" content=\"2401\" \/>\n\t<meta property=\"og:image:height\" content=\"1261\" \/>\n\t<meta property=\"og:image:type\" content=\"image\/jpeg\" \/>\n<meta name=\"twitter:card\" content=\"summary_large_image\" \/>\n<meta name=\"twitter:title\" content=\"Strategic Minerals Europe Corp.\" \/>\n<meta name=\"twitter:description\" content=\"Strategic Minerals Europe Corp.es una empresa canadiense enfocada en el desarrollo de una Miner\u00eda Moderna, Responsable y Sostenible en Europa, y al mismo tiempo responsable con la sociedad y el medio ambiente.\" \/>\n<meta name=\"twitter:image\" content=\"https:\/\/www.strategicminerals.com\/wp-content\/uploads\/2022\/07\/SME-seotw.jpg\" \/>\n<meta name=\"twitter:label1\" content=\"Tiempo de lectura\" \/>\n\t<meta name=\"twitter:data1\" content=\"1 minuto\" \/>\n<script type=\"application\/ld+json\" class=\"yoast-schema-graph\">{\"@context\":\"https:\/\/schema.org\",\"@graph\":[{\"@type\":\"Organization\",\"@id\":\"https:\/\/www.strategicminerals.com\/#organization\",\"name\":\"Strategic Minerals Europe Corp.\",\"url\":\"https:\/\/www.strategicminerals.com\/\",\"sameAs\":[\"https:\/\/www.linkedin.com\/company\/strategic-minerals-spain\/\",\"https:\/\/www.facebook.com\/strategicmineralsspain\/\"],\"logo\":{\"@type\":\"ImageObject\",\"inLanguage\":\"es\",\"@id\":\"https:\/\/www.strategicminerals.com\/#\/schema\/logo\/image\/\",\"url\":\"https:\/\/www.strategicminerals.com\/wp-content\/uploads\/2022\/02\/SME-logotipo-pos.png\",\"contentUrl\":\"https:\/\/www.strategicminerals.com\/wp-content\/uploads\/2022\/02\/SME-logotipo-pos.png\",\"width\":1501,\"height\":451,\"caption\":\"Strategic Minerals Europe Corp.\"},\"image\":{\"@id\":\"https:\/\/www.strategicminerals.com\/#\/schema\/logo\/image\/\"}},{\"@type\":\"WebSite\",\"@id\":\"https:\/\/www.strategicminerals.com\/#website\",\"url\":\"https:\/\/www.strategicminerals.com\/\",\"name\":\"Strategic Minerals\",\"description\":\"Miner\u00eda responsable y sostenible\",\"publisher\":{\"@id\":\"https:\/\/www.strategicminerals.com\/#organization\"},\"potentialAction\":[{\"@type\":\"SearchAction\",\"target\":{\"@type\":\"EntryPoint\",\"urlTemplate\":\"https:\/\/www.strategicminerals.com\/?s={search_term_string}\"},\"query-input\":\"required name=search_term_string\"}],\"inLanguage\":\"es\"},{\"@type\":\"ImageObject\",\"inLanguage\":\"es\",\"@id\":\"https:\/\/www.strategicminerals.com\/es\/#primaryimage\",\"url\":\"https:\/\/www.strategicminerals.com\/wp-content\/uploads\/2022\/07\/SME-seofb.jpg\",\"contentUrl\":\"https:\/\/www.strategicminerals.com\/wp-content\/uploads\/2022\/07\/SME-seofb.jpg\",\"width\":2401,\"height\":1261,\"caption\":\"SME SEO FB\"},{\"@type\":\"WebPage\",\"@id\":\"https:\/\/www.strategicminerals.com\/es\/#webpage\",\"url\":\"https:\/\/www.strategicminerals.com\/es\/\",\"name\":\"Strategic Minerals Europe Corp. | Strategic Minerals\",\"isPartOf\":{\"@id\":\"https:\/\/www.strategicminerals.com\/#website\"},\"primaryImageOfPage\":{\"@id\":\"https:\/\/www.strategicminerals.com\/es\/#primaryimage\"},\"datePublished\":\"2022-03-03T14:05:38+00:00\",\"dateModified\":\"2023-06-22T07:55:32+00:00\",\"description\":\"Strategic Minerals Europe Corp.es una empresa canadiense enfocada en el desarrollo de una Miner\u00eda Moderna, Responsable y Sostenible en Europa, y al mismo tiempo responsable con la sociedad y el medio ambiente.\",\"breadcrumb\":{\"@id\":\"https:\/\/www.strategicminerals.com\/es\/#breadcrumb\"},\"inLanguage\":\"es\",\"potentialAction\":[{\"@type\":\"ReadAction\",\"target\":[\"https:\/\/www.strategicminerals.com\/es\/\"]}]},{\"@type\":\"BreadcrumbList\",\"@id\":\"https:\/\/www.strategicminerals.com\/es\/#breadcrumb\",\"itemListElement\":[{\"@type\":\"ListItem\",\"position\":1,\"name\":\"Home\",\"item\":\"https:\/\/www.strategicminerals.com\/es\/\"},{\"@type\":\"ListItem\",\"position\":2,\"name\":\"Strategic Minerals Europe Corp.\"}]}]}<\/script>\n<!-- \/ Yoast SEO plugin. -->","yoast_head_json":{"title":"Strategic Minerals Europe Corp. | Strategic Minerals","description":"Strategic Minerals Europe Corp.es una empresa canadiense enfocada en el desarrollo de una Miner\u00eda Moderna, Responsable y Sostenible en Europa, y al mismo tiempo responsable con la sociedad y el medio ambiente.","robots":{"index":"index","follow":"follow","max-snippet":"max-snippet:-1","max-image-preview":"max-image-preview:large","max-video-preview":"max-video-preview:-1"},"canonical":"https:\/\/www.strategicminerals.com\/es\/","og_locale":"es_ES","og_type":"article","og_title":"Strategic Minerals Europe Corp.","og_description":"Strategic Minerals Europe Corp.es una empresa canadiense enfocada en el desarrollo de una Miner\u00eda Moderna, Responsable y Sostenible en Europa, y al mismo tiempo responsable con la sociedad y el medio ambiente.","og_url":"https:\/\/www.strategicminerals.com\/es\/","og_site_name":"Strategic Minerals","article_publisher":"https:\/\/www.facebook.com\/strategicmineralsspain\/","article_modified_time":"2023-06-22T07:55:32+00:00","og_image":[{"width":2401,"height":1261,"url":"https:\/\/www.strategicminerals.com\/wp-content\/uploads\/2022\/07\/SME-seofb.jpg","type":"image\/jpeg"}],"twitter_card":"summary_large_image","twitter_title":"Strategic Minerals Europe Corp.","twitter_description":"Strategic Minerals Europe Corp.es una empresa canadiense enfocada en el desarrollo de una Miner\u00eda Moderna, Responsable y Sostenible en Europa, y al mismo tiempo responsable con la sociedad y el medio ambiente.","twitter_image":"https:\/\/www.strategicminerals.com\/wp-content\/uploads\/2022\/07\/SME-seotw.jpg","twitter_misc":{"Tiempo de lectura":"1 minuto"},"schema":{"@context":"https:\/\/schema.org","@graph":[{"@type":"Organization","@id":"https:\/\/www.strategicminerals.com\/#organization","name":"Strategic Minerals Europe Corp.","url":"https:\/\/www.strategicminerals.com\/","sameAs":["https:\/\/www.linkedin.com\/company\/strategic-minerals-spain\/","https:\/\/www.facebook.com\/strategicmineralsspain\/"],"logo":{"@type":"ImageObject","inLanguage":"es","@id":"https:\/\/www.strategicminerals.com\/#\/schema\/logo\/image\/","url":"https:\/\/www.strategicminerals.com\/wp-content\/uploads\/2022\/02\/SME-logotipo-pos.png","contentUrl":"https:\/\/www.strategicminerals.com\/wp-content\/uploads\/2022\/02\/SME-logotipo-pos.png","width":1501,"height":451,"caption":"Strategic Minerals Europe Corp."},"image":{"@id":"https:\/\/www.strategicminerals.com\/#\/schema\/logo\/image\/"}},{"@type":"WebSite","@id":"https:\/\/www.strategicminerals.com\/#website","url":"https:\/\/www.strategicminerals.com\/","name":"Strategic Minerals","description":"Miner\u00eda responsable y sostenible","publisher":{"@id":"https:\/\/www.strategicminerals.com\/#organization"},"potentialAction":[{"@type":"SearchAction","target":{"@type":"EntryPoint","urlTemplate":"https:\/\/www.strategicminerals.com\/?s={search_term_string}"},"query-input":"required name=search_term_string"}],"inLanguage":"es"},{"@type":"ImageObject","inLanguage":"es","@id":"https:\/\/www.strategicminerals.com\/es\/#primaryimage","url":"https:\/\/www.strategicminerals.com\/wp-content\/uploads\/2022\/07\/SME-seofb.jpg","contentUrl":"https:\/\/www.strategicminerals.com\/wp-content\/uploads\/2022\/07\/SME-seofb.jpg","width":2401,"height":1261,"caption":"SME SEO FB"},{"@type":"WebPage","@id":"https:\/\/www.strategicminerals.com\/es\/#webpage","url":"https:\/\/www.strategicminerals.com\/es\/","name":"Strategic Minerals Europe Corp. | Strategic Minerals","isPartOf":{"@id":"https:\/\/www.strategicminerals.com\/#website"},"primaryImageOfPage":{"@id":"https:\/\/www.strategicminerals.com\/es\/#primaryimage"},"datePublished":"2022-03-03T14:05:38+00:00","dateModified":"2023-06-22T07:55:32+00:00","description":"Strategic Minerals Europe Corp.es una empresa canadiense enfocada en el desarrollo de una Miner\u00eda Moderna, Responsable y Sostenible en Europa, y al mismo tiempo responsable con la sociedad y el medio ambiente.","breadcrumb":{"@id":"https:\/\/www.strategicminerals.com\/es\/#breadcrumb"},"inLanguage":"es","potentialAction":[{"@type":"ReadAction","target":["https:\/\/www.strategicminerals.com\/es\/"]}]},{"@type":"BreadcrumbList","@id":"https:\/\/www.strategicminerals.com\/es\/#breadcrumb","itemListElement":[{"@type":"ListItem","position":1,"name":"Home","item":"https:\/\/www.strategicminerals.com\/es\/"},{"@type":"ListItem","position":2,"name":"Strategic Minerals Europe Corp."}]}]}},"_links":{"self":[{"href":"https:\/\/www.strategicminerals.com\/es\/wp-json\/wp\/v2\/pages\/102","targetHints":{"allow":["GET"]}}],"collection":[{"href":"https:\/\/www.strategicminerals.com\/es\/wp-json\/wp\/v2\/pages"}],"about":[{"href":"https:\/\/www.strategicminerals.com\/es\/wp-json\/wp\/v2\/types\/page"}],"author":[{"embeddable":true,"href":"https:\/\/www.strategicminerals.com\/es\/wp-json\/wp\/v2\/users\/1"}],"replies":[{"embeddable":true,"href":"https:\/\/www.strategicminerals.com\/es\/wp-json\/wp\/v2\/comments?post=102"}],"version-history":[{"count":72,"href":"https:\/\/www.strategicminerals.com\/es\/wp-json\/wp\/v2\/pages\/102\/revisions"}],"predecessor-version":[{"id":2406,"href":"https:\/\/www.strategicminerals.com\/es\/wp-json\/wp\/v2\/pages\/102\/revisions\/2406"}],"wp:attachment":[{"href":"https:\/\/www.strategicminerals.com\/es\/wp-json\/wp\/v2\/media?parent=102"}],"curies":[{"name":"wp","href":"https:\/\/api.w.org\/{rel}","templated":true}]}}