{"id":1127,"date":"2022-05-09T16:18:27","date_gmt":"2022-05-09T14:18:27","guid":{"rendered":"https:\/\/www.strategicminerals.com\/?page_id=1127"},"modified":"2022-07-20T10:00:20","modified_gmt":"2022-07-20T08:00:20","slug":"aviso-legal","status":"publish","type":"page","link":"https:\/\/www.strategicminerals.com\/es\/aviso-legal\/","title":{"rendered":"Aviso legal"},"content":{"rendered":"<p>[vc_row foundry_background_style=\u00bbbg-secondary\u00bb foundry_padding=\u00bbpt64 pb64&#8243;][vc_column width=\u00bb2\/3&#8243; el_class=\u00bbcol-politicas\u00bb offset=\u00bbvc_col-lg-offset-2 vc_col-md-offset-2&#8243;][vc_column_text]<\/p>\n<h1 style=\"text-align: center;\"><strong>Aviso legal<\/strong><\/h1>\n<p>[\/vc_column_text][vc_column_text]En cumplimiento de la Ley Org\u00e1nica 15\/1999, de 13 de diciembre, de Protecci\u00f3n de Datos de Car\u00e1cter Personal, le informamos que los datos personales que nos suministre a trav\u00e9s de la p\u00e1gina web\u00a0<b>www.strategicminerals.com<\/b>, ser\u00e1n tratados de forma confidencial y pasar\u00e1n a formar parte de un fichero titularidad de\u00a0<b>STRATEGIC MINERALS EUROPE S.L.<\/b><\/p>\n<p>La finalidad de la incorporaci\u00f3n de sus datos personales es permitir el an\u00e1lisis y tratamiento de los mismos, para realizar los procesos de identificaci\u00f3n y seguimiento de las comunicaciones recibidas.<\/p>\n<p>El titular de los datos autoriza expresamente que sus datos sean utilizados para el env\u00edo de informaci\u00f3n sobre nuestros servicios y actividades.<\/p>\n<p>El Usuario garantiza que los Datos Personales facilitados a\u00a0<b>STRATEGIC MINERALS EUROPE S.L.<\/b>\u00a0son veraces y se hace responsable de comunicar cualquier modificaci\u00f3n en los mismos. El usuario ser\u00e1 el \u00fanico responsable de cualquier da\u00f1o o perjuicio, directo o indirecto, que pudiera ocasionar a\u00a0<b>STRATEGIC MINERALS EUROPE S.L.<\/b>\u00a0o a cualquier tercero a causa de la cumplimentaci\u00f3n de los formularios con datos falsos, inexactos, incompletos o no actualizados.<\/p>\n<p><b>STRATEGIC MINERALS EUROPE S.L.<\/b>, ha adoptado las medidas necesarias para evitar la alteraci\u00f3n, p\u00e9rdida, tratamiento o acceso no autorizado de los datos personales, habida cuenta en todo momento del estado de la tecnolog\u00eda, no obstante, el Usuario debe ser consciente de que las medidas de seguridad en Internet no son inexpugnables.<\/p>\n<p>La cumplimentaci\u00f3n de los formularios incluidos en el sitio web, implica el consentimiento expreso del Usuario a la inclusi\u00f3n de sus datos de car\u00e1cter personal en el referido fichero automatizado de\u00a0<b>STRATEGIC MINERALS EUROPE S.L.<\/b><\/p>\n<p>Si la finalidad de la incorporaci\u00f3n de sus datos es la b\u00fasqueda de empleo o participaci\u00f3n de nuestros procesos de selecci\u00f3n de personal, a los efectos de lo establecido en la Ley Org\u00e1nica 15\/1999, de 13 de diciembre, de Protecci\u00f3n de Datos de Car\u00e1cter Personal\u00a0<b>STRATEGIC MINERALS EUROPE S.L.<\/b>\u00a0le informa que incorporar\u00e1 sus datos personales junto a su fotograf\u00eda, si Vd. nos la proporciona, ser\u00e1n tratados de forma confidencial y pasar\u00e1n a formar parte de un fichero titularidad de\u00a0<b>STRATEGIC MINERALS EUROPE S.L.<\/b><\/p>\n<p>Estos daros ser\u00e1n utilizados para determinar su adecuaci\u00f3n al perfil preciso para cada puesto de trabajo y de esta manera poder realizar los procesos de selecci\u00f3n para la posible contrataci\u00f3n laboral, tanto para las candidaturas actuales como para las futuras.[\/vc_column_text][\/vc_column][\/vc_row]<\/p>\n","protected":false},"excerpt":{"rendered":"<p>[vc_row foundry_background_style=\u00bbbg-secondary\u00bb foundry_padding=\u00bbpt64 pb64&#8243;][vc_column width=\u00bb2\/3&#8243; el_class=\u00bbcol-politicas\u00bb offset=\u00bbvc_col-lg-offset-2 vc_col-md-offset-2&#8243;][vc_column_text] Aviso legal [\/vc_column_text][vc_column_text]En cumplimiento de la Ley Org\u00e1nica 15\/1999, de 13 de diciembre,&#8230;<\/p>\n","protected":false},"author":1,"featured_media":0,"parent":0,"menu_order":0,"comment_status":"closed","ping_status":"closed","template":"","meta":{"footnotes":"","_links_to":"","_links_to_target":""},"class_list":["post-1127","page","type-page","status-publish","hentry"],"yoast_head":"<!-- This site is optimized with the Yoast SEO plugin v19.0 - https:\/\/yoast.com\/wordpress\/plugins\/seo\/ -->\n<title>Aviso legal | Strategic Minerals<\/title>\n<meta name=\"description\" content=\"Descubre toda la informaci\u00f3n disponible en nuestra web. No dudes en contactar con nosotros para cualquier duda o informaci\u00f3n.\" \/>\n<meta name=\"robots\" content=\"noindex, follow\" \/>\n<meta property=\"og:locale\" content=\"es_ES\" \/>\n<meta property=\"og:type\" content=\"article\" \/>\n<meta property=\"og:title\" content=\"Aviso legal | Strategic Minerals\" \/>\n<meta property=\"og:description\" content=\"Descubre toda la informaci\u00f3n disponible en nuestra web. No dudes en contactar con nosotros para cualquier duda o informaci\u00f3n.\" \/>\n<meta property=\"og:url\" content=\"https:\/\/www.strategicminerals.com\/es\/aviso-legal\/\" \/>\n<meta property=\"og:site_name\" content=\"Strategic Minerals\" \/>\n<meta property=\"article:publisher\" content=\"https:\/\/www.facebook.com\/strategicmineralsspain\/\" \/>\n<meta property=\"article:modified_time\" content=\"2022-07-20T08:00:20+00:00\" \/>\n<meta property=\"og:image\" content=\"https:\/\/www.strategicminerals.com\/wp-content\/uploads\/2022\/02\/SME-logotipo-pos.png\" \/>\n\t<meta property=\"og:image:width\" content=\"1501\" \/>\n\t<meta property=\"og:image:height\" content=\"451\" \/>\n\t<meta property=\"og:image:type\" content=\"image\/png\" \/>\n<meta name=\"twitter:card\" content=\"summary_large_image\" \/>\n<meta name=\"twitter:label1\" content=\"Tiempo de lectura\" \/>\n\t<meta name=\"twitter:data1\" content=\"2 minutos\" \/>\n<script type=\"application\/ld+json\" class=\"yoast-schema-graph\">{\"@context\":\"https:\/\/schema.org\",\"@graph\":[{\"@type\":\"Organization\",\"@id\":\"https:\/\/www.strategicminerals.com\/#organization\",\"name\":\"Strategic Minerals Europe Corp.\",\"url\":\"https:\/\/www.strategicminerals.com\/\",\"sameAs\":[\"https:\/\/www.linkedin.com\/company\/strategic-minerals-spain\/\",\"https:\/\/www.facebook.com\/strategicmineralsspain\/\"],\"logo\":{\"@type\":\"ImageObject\",\"inLanguage\":\"es\",\"@id\":\"https:\/\/www.strategicminerals.com\/#\/schema\/logo\/image\/\",\"url\":\"https:\/\/www.strategicminerals.com\/wp-content\/uploads\/2022\/02\/SME-logotipo-pos.png\",\"contentUrl\":\"https:\/\/www.strategicminerals.com\/wp-content\/uploads\/2022\/02\/SME-logotipo-pos.png\",\"width\":1501,\"height\":451,\"caption\":\"Strategic Minerals Europe Corp.\"},\"image\":{\"@id\":\"https:\/\/www.strategicminerals.com\/#\/schema\/logo\/image\/\"}},{\"@type\":\"WebSite\",\"@id\":\"https:\/\/www.strategicminerals.com\/#website\",\"url\":\"https:\/\/www.strategicminerals.com\/\",\"name\":\"Strategic Minerals\",\"description\":\"Miner\u00eda responsable y sostenible\",\"publisher\":{\"@id\":\"https:\/\/www.strategicminerals.com\/#organization\"},\"potentialAction\":[{\"@type\":\"SearchAction\",\"target\":{\"@type\":\"EntryPoint\",\"urlTemplate\":\"https:\/\/www.strategicminerals.com\/?s={search_term_string}\"},\"query-input\":\"required name=search_term_string\"}],\"inLanguage\":\"es\"},{\"@type\":\"WebPage\",\"@id\":\"https:\/\/www.strategicminerals.com\/es\/aviso-legal\/#webpage\",\"url\":\"https:\/\/www.strategicminerals.com\/es\/aviso-legal\/\",\"name\":\"Aviso legal | Strategic Minerals\",\"isPartOf\":{\"@id\":\"https:\/\/www.strategicminerals.com\/#website\"},\"datePublished\":\"2022-05-09T14:18:27+00:00\",\"dateModified\":\"2022-07-20T08:00:20+00:00\",\"description\":\"Descubre toda la informaci\u00f3n disponible en nuestra web. No dudes en contactar con nosotros para cualquier duda o informaci\u00f3n.\",\"breadcrumb\":{\"@id\":\"https:\/\/www.strategicminerals.com\/es\/aviso-legal\/#breadcrumb\"},\"inLanguage\":\"es\",\"potentialAction\":[{\"@type\":\"ReadAction\",\"target\":[\"https:\/\/www.strategicminerals.com\/es\/aviso-legal\/\"]}]},{\"@type\":\"BreadcrumbList\",\"@id\":\"https:\/\/www.strategicminerals.com\/es\/aviso-legal\/#breadcrumb\",\"itemListElement\":[{\"@type\":\"ListItem\",\"position\":1,\"name\":\"Home\",\"item\":\"https:\/\/www.strategicminerals.com\/es\/\"},{\"@type\":\"ListItem\",\"position\":2,\"name\":\"Aviso legal\"}]}]}<\/script>\n<!-- \/ Yoast SEO plugin. -->","yoast_head_json":{"title":"Aviso legal | Strategic Minerals","description":"Descubre toda la informaci\u00f3n disponible en nuestra web. No dudes en contactar con nosotros para cualquier duda o informaci\u00f3n.","robots":{"index":"noindex","follow":"follow"},"og_locale":"es_ES","og_type":"article","og_title":"Aviso legal | Strategic Minerals","og_description":"Descubre toda la informaci\u00f3n disponible en nuestra web. No dudes en contactar con nosotros para cualquier duda o informaci\u00f3n.","og_url":"https:\/\/www.strategicminerals.com\/es\/aviso-legal\/","og_site_name":"Strategic Minerals","article_publisher":"https:\/\/www.facebook.com\/strategicmineralsspain\/","article_modified_time":"2022-07-20T08:00:20+00:00","og_image":[{"width":1501,"height":451,"url":"https:\/\/www.strategicminerals.com\/wp-content\/uploads\/2022\/02\/SME-logotipo-pos.png","type":"image\/png"}],"twitter_card":"summary_large_image","twitter_misc":{"Tiempo de lectura":"2 minutos"},"schema":{"@context":"https:\/\/schema.org","@graph":[{"@type":"Organization","@id":"https:\/\/www.strategicminerals.com\/#organization","name":"Strategic Minerals Europe Corp.","url":"https:\/\/www.strategicminerals.com\/","sameAs":["https:\/\/www.linkedin.com\/company\/strategic-minerals-spain\/","https:\/\/www.facebook.com\/strategicmineralsspain\/"],"logo":{"@type":"ImageObject","inLanguage":"es","@id":"https:\/\/www.strategicminerals.com\/#\/schema\/logo\/image\/","url":"https:\/\/www.strategicminerals.com\/wp-content\/uploads\/2022\/02\/SME-logotipo-pos.png","contentUrl":"https:\/\/www.strategicminerals.com\/wp-content\/uploads\/2022\/02\/SME-logotipo-pos.png","width":1501,"height":451,"caption":"Strategic Minerals Europe Corp."},"image":{"@id":"https:\/\/www.strategicminerals.com\/#\/schema\/logo\/image\/"}},{"@type":"WebSite","@id":"https:\/\/www.strategicminerals.com\/#website","url":"https:\/\/www.strategicminerals.com\/","name":"Strategic Minerals","description":"Miner\u00eda responsable y sostenible","publisher":{"@id":"https:\/\/www.strategicminerals.com\/#organization"},"potentialAction":[{"@type":"SearchAction","target":{"@type":"EntryPoint","urlTemplate":"https:\/\/www.strategicminerals.com\/?s={search_term_string}"},"query-input":"required name=search_term_string"}],"inLanguage":"es"},{"@type":"WebPage","@id":"https:\/\/www.strategicminerals.com\/es\/aviso-legal\/#webpage","url":"https:\/\/www.strategicminerals.com\/es\/aviso-legal\/","name":"Aviso legal | Strategic Minerals","isPartOf":{"@id":"https:\/\/www.strategicminerals.com\/#website"},"datePublished":"2022-05-09T14:18:27+00:00","dateModified":"2022-07-20T08:00:20+00:00","description":"Descubre toda la informaci\u00f3n disponible en nuestra web. No dudes en contactar con nosotros para cualquier duda o informaci\u00f3n.","breadcrumb":{"@id":"https:\/\/www.strategicminerals.com\/es\/aviso-legal\/#breadcrumb"},"inLanguage":"es","potentialAction":[{"@type":"ReadAction","target":["https:\/\/www.strategicminerals.com\/es\/aviso-legal\/"]}]},{"@type":"BreadcrumbList","@id":"https:\/\/www.strategicminerals.com\/es\/aviso-legal\/#breadcrumb","itemListElement":[{"@type":"ListItem","position":1,"name":"Home","item":"https:\/\/www.strategicminerals.com\/es\/"},{"@type":"ListItem","position":2,"name":"Aviso legal"}]}]}},"_links":{"self":[{"href":"https:\/\/www.strategicminerals.com\/es\/wp-json\/wp\/v2\/pages\/1127","targetHints":{"allow":["GET"]}}],"collection":[{"href":"https:\/\/www.strategicminerals.com\/es\/wp-json\/wp\/v2\/pages"}],"about":[{"href":"https:\/\/www.strategicminerals.com\/es\/wp-json\/wp\/v2\/types\/page"}],"author":[{"embeddable":true,"href":"https:\/\/www.strategicminerals.com\/es\/wp-json\/wp\/v2\/users\/1"}],"replies":[{"embeddable":true,"href":"https:\/\/www.strategicminerals.com\/es\/wp-json\/wp\/v2\/comments?post=1127"}],"version-history":[{"count":4,"href":"https:\/\/www.strategicminerals.com\/es\/wp-json\/wp\/v2\/pages\/1127\/revisions"}],"predecessor-version":[{"id":1132,"href":"https:\/\/www.strategicminerals.com\/es\/wp-json\/wp\/v2\/pages\/1127\/revisions\/1132"}],"wp:attachment":[{"href":"https:\/\/www.strategicminerals.com\/es\/wp-json\/wp\/v2\/media?parent=1127"}],"curies":[{"name":"wp","href":"https:\/\/api.w.org\/{rel}","templated":true}]}}