{"id":1133,"date":"2022-05-09T16:24:47","date_gmt":"2022-05-09T14:24:47","guid":{"rendered":"https:\/\/www.strategicminerals.com\/?page_id=1133"},"modified":"2022-08-09T10:35:44","modified_gmt":"2022-08-09T08:35:44","slug":"politica-privacidad","status":"publish","type":"page","link":"https:\/\/www.strategicminerals.com\/es\/politica-privacidad\/","title":{"rendered":"Pol\u00edtica de privacidad"},"content":{"rendered":"<p>[vc_row foundry_background_style=\u00bbbg-secondary\u00bb foundry_padding=\u00bbpt64 pb64&#8243;][vc_column width=\u00bb2\/3&#8243; el_class=\u00bbcol-politicas\u00bb offset=\u00bbvc_col-lg-offset-2 vc_col-md-offset-2&#8243;][vc_column_text]<\/p>\n<h1 style=\"text-align: center;\"><strong>Pol\u00edtica de privacidad<\/strong><\/h1>\n<p>[\/vc_column_text][vc_column_text]A trav\u00e9s de esta p\u00e1gina web no se recaban datos de car\u00e1cter personal de los usuarios sin su conocimiento, ni se ceden a terceros.<\/p>\n<p>La p\u00e1gina web <strong><a href=\"https:\/\/www.strategicminerals.com\">strategicminerals.com<\/a><\/strong> puede contener enlaces a sitios web de terceros, cuyas pol\u00edticas de privacidad son ajenas a la de <strong>Strategic Minerals<\/strong>. Al acceder a tales p\u00e1ginas web, el usuario puede decidir si aceptar sus pol\u00edticas de privacidad y de cookies. Con car\u00e1cter general, si navega por internet usted puede aceptar o rechazar las cookies de terceros desde las opciones de configuraci\u00f3n de su navegador.<\/p>\n<p>A continuaci\u00f3n, le indicamos la informaci\u00f3n b\u00e1sica:<\/p>\n<h4><strong>Responsable del tratamiento<\/strong><\/h4>\n<p>Los datos de car\u00e1cter personal que se pudieran recabar directamente del usuario ser\u00e1n tratados de forma confidencial y quedar\u00e1n incorporados a la correspondiente actividad de tratamiento titularidad de <strong>STRATEGIC MINERALS EUROPE S.L.<\/strong><\/p>\n<h4><strong>Finalidad del tratamiento<\/strong><\/h4>\n<p>La finalidad del sitio web es la de informar de los productos y servicios relacionados con su actividad empresarial. El usuario consiente expresamente que sus datos personales sean tratados para la remisi\u00f3n de informaci\u00f3n de car\u00e1cter comercial por v\u00eda electr\u00f3nica (Por ejemplo: correo electr\u00f3nico, redes sociales\u2026 etc.).<\/p>\n<h4><strong>Legitimaci\u00f3n del tratamiento<\/strong><\/h4>\n<p>El tratamiento de sus datos se realiza para el cumplimiento de la relaci\u00f3n contractual entre el usuario registrado y el titular de esta p\u00e1gina web, as\u00ed como cuando la finalidad del tratamiento requiera su consentimiento, para lo cual se han habilitado los correspondientes formularios, que habr\u00e1 de ser prestado mediante una clara acci\u00f3n afirmativa (Por ejemplo, mediante la aceptaci\u00f3n de la casilla correspondiente a la pol\u00edtica de privacidad).<\/p>\n<h4><strong>Conservaci\u00f3n de datos<\/strong><\/h4>\n<p>Los datos personales proporcionados por los usuarios, ya sea a trav\u00e9s de los formularios de contacto o a trav\u00e9s del registro de usuarios en la p\u00e1gina web, se conservar\u00e1n durante el tiempo necesario para cumplir con la finalidad para la que se recaban y para determinar las posibles responsabilidades que se pudieran derivar de la finalidad, adem\u00e1s de los per\u00edodos establecidos en la normativa de archivos y documentaci\u00f3n.<\/p>\n<h4><strong>Comunicaci\u00f3n de datos <\/strong><\/h4>\n<p>Con car\u00e1cter general no se comunicar\u00e1n los datos personales a terceros, salvo obligaci\u00f3n legal.<\/p>\n<h4><strong>Tratamiento de datos de menores<\/strong><\/h4>\n<p>Las personas mayores de 16 a\u00f1os podr\u00e1n prestar v\u00e1lidamente su consentimiento para el tratamiento de sus datos personales a trav\u00e9s de esta p\u00e1gina web.<\/p>\n<p>El tratamiento de datos de personas menores de 16 a\u00f1os necesitar\u00e1 el consentimiento de sus padres o tutores legales, cuesti\u00f3n que habr\u00e1 de manifestarse en los formularios de contacto.<\/p>\n<h4><strong>Derechos de los interesados<\/strong><\/h4>\n<p>Puede ejercer sus derechos de acceso, rectificaci\u00f3n, supresi\u00f3n, oposici\u00f3n y limitaci\u00f3n del tratamiento y portabilidad de sus datos, as\u00ed como a no ser objeto de decisiones basadas \u00fanicamente en el tratamiento automatizado de sus datos, cuando procedan, ante la Agencia Espa\u00f1ola de Protecci\u00f3n de Datos, mediante correo postal en <strong>Calle Castell\u00f3 n\u00ba 117, 5\u00ba, oficina 533-536, 28006<\/strong> <strong>Madrid<\/strong> o en la direcci\u00f3n de <a href=\"mailto:info@strategicminerals.com\">info@strategicminerals.com<\/a>.[\/vc_column_text][\/vc_column][\/vc_row]<\/p>\n","protected":false},"excerpt":{"rendered":"<p>[vc_row foundry_background_style=\u00bbbg-secondary\u00bb foundry_padding=\u00bbpt64 pb64&#8243;][vc_column width=\u00bb2\/3&#8243; el_class=\u00bbcol-politicas\u00bb offset=\u00bbvc_col-lg-offset-2 vc_col-md-offset-2&#8243;][vc_column_text] Pol\u00edtica de privacidad [\/vc_column_text][vc_column_text]A trav\u00e9s de esta p\u00e1gina web no se recaban datos&#8230;<\/p>\n","protected":false},"author":1,"featured_media":0,"parent":0,"menu_order":0,"comment_status":"closed","ping_status":"closed","template":"","meta":{"footnotes":"","_links_to":"","_links_to_target":""},"class_list":["post-1133","page","type-page","status-publish","hentry"],"yoast_head":"<!-- This site is optimized with the Yoast SEO plugin v19.0 - https:\/\/yoast.com\/wordpress\/plugins\/seo\/ -->\n<title>Pol\u00edtica de privacidad | Strategic Minerals<\/title>\n<meta name=\"description\" content=\"Descubre toda la informaci\u00f3n disponible en nuestra web. No dudes en contactar con nosotros para cualquier duda o informaci\u00f3n.\" \/>\n<meta name=\"robots\" content=\"noindex, nofollow\" \/>\n<meta property=\"og:locale\" content=\"es_ES\" \/>\n<meta property=\"og:type\" content=\"article\" \/>\n<meta property=\"og:title\" content=\"Pol\u00edtica de privacidad | Strategic Minerals\" \/>\n<meta property=\"og:description\" content=\"Descubre toda la informaci\u00f3n disponible en nuestra web. No dudes en contactar con nosotros para cualquier duda o informaci\u00f3n.\" \/>\n<meta property=\"og:url\" content=\"https:\/\/www.strategicminerals.com\/es\/politica-privacidad\/\" \/>\n<meta property=\"og:site_name\" content=\"Strategic Minerals\" \/>\n<meta property=\"article:publisher\" content=\"https:\/\/www.facebook.com\/strategicmineralsspain\/\" \/>\n<meta property=\"article:modified_time\" content=\"2022-08-09T08:35:44+00:00\" \/>\n<meta property=\"og:image\" content=\"https:\/\/www.strategicminerals.com\/wp-content\/uploads\/2022\/02\/SME-logotipo-pos.png\" \/>\n\t<meta property=\"og:image:width\" content=\"1501\" \/>\n\t<meta property=\"og:image:height\" content=\"451\" \/>\n\t<meta property=\"og:image:type\" content=\"image\/png\" \/>\n<meta name=\"twitter:card\" content=\"summary_large_image\" \/>\n<meta name=\"twitter:label1\" content=\"Tiempo de lectura\" \/>\n\t<meta name=\"twitter:data1\" content=\"3 minutos\" \/>\n<script type=\"application\/ld+json\" class=\"yoast-schema-graph\">{\"@context\":\"https:\/\/schema.org\",\"@graph\":[{\"@type\":\"Organization\",\"@id\":\"https:\/\/www.strategicminerals.com\/#organization\",\"name\":\"Strategic Minerals Europe Corp.\",\"url\":\"https:\/\/www.strategicminerals.com\/\",\"sameAs\":[\"https:\/\/www.linkedin.com\/company\/strategic-minerals-spain\/\",\"https:\/\/www.facebook.com\/strategicmineralsspain\/\"],\"logo\":{\"@type\":\"ImageObject\",\"inLanguage\":\"es\",\"@id\":\"https:\/\/www.strategicminerals.com\/#\/schema\/logo\/image\/\",\"url\":\"https:\/\/www.strategicminerals.com\/wp-content\/uploads\/2022\/02\/SME-logotipo-pos.png\",\"contentUrl\":\"https:\/\/www.strategicminerals.com\/wp-content\/uploads\/2022\/02\/SME-logotipo-pos.png\",\"width\":1501,\"height\":451,\"caption\":\"Strategic Minerals Europe Corp.\"},\"image\":{\"@id\":\"https:\/\/www.strategicminerals.com\/#\/schema\/logo\/image\/\"}},{\"@type\":\"WebSite\",\"@id\":\"https:\/\/www.strategicminerals.com\/#website\",\"url\":\"https:\/\/www.strategicminerals.com\/\",\"name\":\"Strategic Minerals\",\"description\":\"Miner\u00eda responsable y sostenible\",\"publisher\":{\"@id\":\"https:\/\/www.strategicminerals.com\/#organization\"},\"potentialAction\":[{\"@type\":\"SearchAction\",\"target\":{\"@type\":\"EntryPoint\",\"urlTemplate\":\"https:\/\/www.strategicminerals.com\/?s={search_term_string}\"},\"query-input\":\"required name=search_term_string\"}],\"inLanguage\":\"es\"},{\"@type\":\"WebPage\",\"@id\":\"https:\/\/www.strategicminerals.com\/es\/politica-privacidad\/#webpage\",\"url\":\"https:\/\/www.strategicminerals.com\/es\/politica-privacidad\/\",\"name\":\"Pol\u00edtica de privacidad | Strategic Minerals\",\"isPartOf\":{\"@id\":\"https:\/\/www.strategicminerals.com\/#website\"},\"datePublished\":\"2022-05-09T14:24:47+00:00\",\"dateModified\":\"2022-08-09T08:35:44+00:00\",\"description\":\"Descubre toda la informaci\u00f3n disponible en nuestra web. No dudes en contactar con nosotros para cualquier duda o informaci\u00f3n.\",\"breadcrumb\":{\"@id\":\"https:\/\/www.strategicminerals.com\/es\/politica-privacidad\/#breadcrumb\"},\"inLanguage\":\"es\",\"potentialAction\":[{\"@type\":\"ReadAction\",\"target\":[\"https:\/\/www.strategicminerals.com\/es\/politica-privacidad\/\"]}]},{\"@type\":\"BreadcrumbList\",\"@id\":\"https:\/\/www.strategicminerals.com\/es\/politica-privacidad\/#breadcrumb\",\"itemListElement\":[{\"@type\":\"ListItem\",\"position\":1,\"name\":\"Home\",\"item\":\"https:\/\/www.strategicminerals.com\/es\/\"},{\"@type\":\"ListItem\",\"position\":2,\"name\":\"Pol\u00edtica de privacidad\"}]}]}<\/script>\n<!-- \/ Yoast SEO plugin. -->","yoast_head_json":{"title":"Pol\u00edtica de privacidad | Strategic Minerals","description":"Descubre toda la informaci\u00f3n disponible en nuestra web. No dudes en contactar con nosotros para cualquier duda o informaci\u00f3n.","robots":{"index":"noindex","follow":"nofollow"},"og_locale":"es_ES","og_type":"article","og_title":"Pol\u00edtica de privacidad | Strategic Minerals","og_description":"Descubre toda la informaci\u00f3n disponible en nuestra web. No dudes en contactar con nosotros para cualquier duda o informaci\u00f3n.","og_url":"https:\/\/www.strategicminerals.com\/es\/politica-privacidad\/","og_site_name":"Strategic Minerals","article_publisher":"https:\/\/www.facebook.com\/strategicmineralsspain\/","article_modified_time":"2022-08-09T08:35:44+00:00","og_image":[{"width":1501,"height":451,"url":"https:\/\/www.strategicminerals.com\/wp-content\/uploads\/2022\/02\/SME-logotipo-pos.png","type":"image\/png"}],"twitter_card":"summary_large_image","twitter_misc":{"Tiempo de lectura":"3 minutos"},"schema":{"@context":"https:\/\/schema.org","@graph":[{"@type":"Organization","@id":"https:\/\/www.strategicminerals.com\/#organization","name":"Strategic Minerals Europe Corp.","url":"https:\/\/www.strategicminerals.com\/","sameAs":["https:\/\/www.linkedin.com\/company\/strategic-minerals-spain\/","https:\/\/www.facebook.com\/strategicmineralsspain\/"],"logo":{"@type":"ImageObject","inLanguage":"es","@id":"https:\/\/www.strategicminerals.com\/#\/schema\/logo\/image\/","url":"https:\/\/www.strategicminerals.com\/wp-content\/uploads\/2022\/02\/SME-logotipo-pos.png","contentUrl":"https:\/\/www.strategicminerals.com\/wp-content\/uploads\/2022\/02\/SME-logotipo-pos.png","width":1501,"height":451,"caption":"Strategic Minerals Europe Corp."},"image":{"@id":"https:\/\/www.strategicminerals.com\/#\/schema\/logo\/image\/"}},{"@type":"WebSite","@id":"https:\/\/www.strategicminerals.com\/#website","url":"https:\/\/www.strategicminerals.com\/","name":"Strategic Minerals","description":"Miner\u00eda responsable y sostenible","publisher":{"@id":"https:\/\/www.strategicminerals.com\/#organization"},"potentialAction":[{"@type":"SearchAction","target":{"@type":"EntryPoint","urlTemplate":"https:\/\/www.strategicminerals.com\/?s={search_term_string}"},"query-input":"required name=search_term_string"}],"inLanguage":"es"},{"@type":"WebPage","@id":"https:\/\/www.strategicminerals.com\/es\/politica-privacidad\/#webpage","url":"https:\/\/www.strategicminerals.com\/es\/politica-privacidad\/","name":"Pol\u00edtica de privacidad | Strategic Minerals","isPartOf":{"@id":"https:\/\/www.strategicminerals.com\/#website"},"datePublished":"2022-05-09T14:24:47+00:00","dateModified":"2022-08-09T08:35:44+00:00","description":"Descubre toda la informaci\u00f3n disponible en nuestra web. No dudes en contactar con nosotros para cualquier duda o informaci\u00f3n.","breadcrumb":{"@id":"https:\/\/www.strategicminerals.com\/es\/politica-privacidad\/#breadcrumb"},"inLanguage":"es","potentialAction":[{"@type":"ReadAction","target":["https:\/\/www.strategicminerals.com\/es\/politica-privacidad\/"]}]},{"@type":"BreadcrumbList","@id":"https:\/\/www.strategicminerals.com\/es\/politica-privacidad\/#breadcrumb","itemListElement":[{"@type":"ListItem","position":1,"name":"Home","item":"https:\/\/www.strategicminerals.com\/es\/"},{"@type":"ListItem","position":2,"name":"Pol\u00edtica de privacidad"}]}]}},"_links":{"self":[{"href":"https:\/\/www.strategicminerals.com\/es\/wp-json\/wp\/v2\/pages\/1133","targetHints":{"allow":["GET"]}}],"collection":[{"href":"https:\/\/www.strategicminerals.com\/es\/wp-json\/wp\/v2\/pages"}],"about":[{"href":"https:\/\/www.strategicminerals.com\/es\/wp-json\/wp\/v2\/types\/page"}],"author":[{"embeddable":true,"href":"https:\/\/www.strategicminerals.com\/es\/wp-json\/wp\/v2\/users\/1"}],"replies":[{"embeddable":true,"href":"https:\/\/www.strategicminerals.com\/es\/wp-json\/wp\/v2\/comments?post=1133"}],"version-history":[{"count":5,"href":"https:\/\/www.strategicminerals.com\/es\/wp-json\/wp\/v2\/pages\/1133\/revisions"}],"predecessor-version":[{"id":1527,"href":"https:\/\/www.strategicminerals.com\/es\/wp-json\/wp\/v2\/pages\/1133\/revisions\/1527"}],"wp:attachment":[{"href":"https:\/\/www.strategicminerals.com\/es\/wp-json\/wp\/v2\/media?parent=1133"}],"curies":[{"name":"wp","href":"https:\/\/api.w.org\/{rel}","templated":true}]}}