{"id":1137,"date":"2022-05-09T16:45:37","date_gmt":"2022-05-09T14:45:37","guid":{"rendered":"https:\/\/www.strategicminerals.com\/?page_id=1137"},"modified":"2022-08-09T10:35:26","modified_gmt":"2022-08-09T08:35:26","slug":"politica-cookies","status":"publish","type":"page","link":"https:\/\/www.strategicminerals.com\/es\/politica-cookies\/","title":{"rendered":"Pol\u00edtica de cookies"},"content":{"rendered":"<p>[vc_row foundry_background_style=\u00bbbg-secondary\u00bb foundry_padding=\u00bbpt64 pb64&#8243;][vc_column width=\u00bb2\/3&#8243; el_class=\u00bbcol-politicas\u00bb offset=\u00bbvc_col-lg-offset-2 vc_col-md-offset-2&#8243;][vc_column_text]<\/p>\n<h1 style=\"text-align: center;\"><strong>Pol\u00edtica de cookies<\/strong><\/h1>\n<p>[\/vc_column_text][vc_column_text]<\/p>\n<h4><strong>\u00bfQu\u00e9 son las cookies? <\/strong><\/h4>\n<p>Las cookies son archivos almacenados por las p\u00e1ginas web en los navegadores del usuario, las cuales contienen datos de sesi\u00f3n que pueden ser de utilidad m\u00e1s adelante en la misma p\u00e1gina web. Estos datos, que se guardan en las cookies, permiten mantener la informaci\u00f3n de navegaci\u00f3n entre las diferentes p\u00e1ginas del sitio Web, al tiempo que analizan la forma de interactuar con este, de forma que puede identificarse una preferencia de usuario.<\/p>\n<h4><strong>Descripci\u00f3n de las cookies <\/strong><\/h4>\n<p><strong>Cookies t\u00e9cnicas:<\/strong> Son aqu\u00e9llas que permiten al usuario la navegaci\u00f3n a trav\u00e9s de una p\u00e1gina web, plataforma o aplicaci\u00f3n y la utilizaci\u00f3n de las diferentes opciones o servicios que en ella existan como, por ejemplo, controlar el tr\u00e1fico y la comunicaci\u00f3n de datos, identificar la sesi\u00f3n, acceder a partes de acceso restringido, recordar los elementos que integran un pedido, realizar el proceso de compra de un pedido, utilizar elementos de seguridad durante la navegaci\u00f3n o compartir contenidos a trav\u00e9s de redes sociales.<\/p>\n<p><strong>Cookies de personalizaci\u00f3n:<\/strong> Son aqu\u00e9llas que permiten al usuario acceder al servicio con algunas caracter\u00edsticas de car\u00e1cter general predefinidas en funci\u00f3n de una serie de criterios en el terminal del usuario como por ejemplo serian el idioma, el tipo de navegador a trav\u00e9s del cual accede al servicio, la configuraci\u00f3n regional desde donde accede al servicio, etc.<\/p>\n<p><strong>Cookies de sesi\u00f3n:<\/strong> son cookies temporales que permanecen en el archivo de cookies del navegador hasta que se abandona la p\u00e1gina web. Se suele emplear para analizar pautas de tr\u00e1fico en la web. A la larga, esto permite proporcionar una mejor experiencia para mejorar el contenido y facilitar su uso.<\/p>\n<p><strong>Cookies de an\u00e1lisis:<\/strong> Son aqu\u00e9llas que bien tratadas por nosotros o por terceros, nos permiten cuantificar el n\u00famero de usuarios y as\u00ed realizar la medici\u00f3n y an\u00e1lisis estad\u00edstico de la utilizaci\u00f3n que hacen los usuarios del servicio ofertado. Para ello se analiza su navegaci\u00f3n en nuestra p\u00e1gina web con el fin de mejorar la oferta de productos o servicios que le ofrecemos.<\/p>\n<h4><strong>\u00bfQu\u00e9 cookies utilizamos en este sitio web? <\/strong><\/h4>\n<div class=\"table-responsive\">\n<table class=\"table table-sm \">\n<thead class=\"thead-dark\">\n<tr>\n<th><strong>Nombre<\/strong><\/th>\n<th><strong>Titular<\/strong><\/th>\n<th><strong>Datos recabados<\/strong><\/th>\n<th><strong>Finalidad<\/strong><\/th>\n<th><strong>Duraci\u00f3n<\/strong><\/th>\n<\/tr>\n<\/thead>\n<tbody>\n<tr>\n<td>moove_gdpr_popup<\/td>\n<td>Cookie propia<\/td>\n<td>Guarda las preferencias sobre las cookies<\/td>\n<td>T\u00e9cnica<\/td>\n<td>1 a\u00f1o<\/td>\n<\/tr>\n<tr>\n<td>_ga<\/td>\n<td>Cookie propia<\/td>\n<td>Sesiones de los visitantes<\/td>\n<td>Anal\u00edtica<\/td>\n<td>2 a\u00f1os<\/td>\n<\/tr>\n<tr>\n<td>_gid<\/td>\n<td>Cookie propia<\/td>\n<td>Sesiones de los visitantes<\/td>\n<td>Anal\u00edtica<\/td>\n<td>1 d\u00eda<\/td>\n<\/tr>\n<tr>\n<td>_gat_gtag_UA_[ID]<\/td>\n<td>Cookie propia<\/td>\n<td>Sesiones de los visitantes<\/td>\n<td>Anal\u00edtica<\/td>\n<td>1 minuto<\/td>\n<\/tr>\n<\/tbody>\n<\/table>\n<\/div>\n<h4><strong>\u00bfC\u00f3mo deshabilitar las cookies?<\/strong><\/h4>\n<ul>\n<li><a href=\"https:\/\/support.microsoft.com\/es-es\/kb\/278835\"><strong>Internet Explorer<\/strong><\/a><\/li>\n<li><a href=\"https:\/\/support.mozilla.org\/es\/kb\/habilitar-y-deshabilitar-cookies-sitios-web-rastrear-preferencias\"><strong>Mozilla Firefox<\/strong><\/a><\/li>\n<li><a href=\"https:\/\/support.google.com\/chrome\/answer\/95647?hl=es\"><strong>Google Chrome<\/strong><\/a><\/li>\n<li><a href=\"https:\/\/support.apple.com\/es-es\/guide\/safari\/sfri11471\/mac\"><strong>Safari<\/strong><\/a><\/li>\n<li><a href=\"https:\/\/help.opera.com\/en\/latest\/security-and-privacy\/\"><strong>Opera<\/strong><\/a><\/li>\n<\/ul>\n<p>[\/vc_column_text][\/vc_column][\/vc_row]<\/p>\n","protected":false},"excerpt":{"rendered":"<p>[vc_row foundry_background_style=\u00bbbg-secondary\u00bb foundry_padding=\u00bbpt64 pb64&#8243;][vc_column width=\u00bb2\/3&#8243; el_class=\u00bbcol-politicas\u00bb offset=\u00bbvc_col-lg-offset-2 vc_col-md-offset-2&#8243;][vc_column_text] Pol\u00edtica de cookies [\/vc_column_text][vc_column_text] \u00bfQu\u00e9 son las cookies? Las cookies son archivos almacenados&#8230;<\/p>\n","protected":false},"author":1,"featured_media":0,"parent":0,"menu_order":0,"comment_status":"closed","ping_status":"closed","template":"","meta":{"footnotes":"","_links_to":"","_links_to_target":""},"class_list":["post-1137","page","type-page","status-publish","hentry"],"yoast_head":"<!-- This site is optimized with the Yoast SEO plugin v19.0 - https:\/\/yoast.com\/wordpress\/plugins\/seo\/ -->\n<title>Pol\u00edtica de cookies | Strategic Minerals<\/title>\n<meta name=\"description\" content=\"Descubre toda la informaci\u00f3n disponible en nuestra web. No dudes en contactar con nosotros para cualquier duda o informaci\u00f3n.\" \/>\n<meta name=\"robots\" content=\"noindex, nofollow\" \/>\n<meta property=\"og:locale\" content=\"es_ES\" \/>\n<meta property=\"og:type\" content=\"article\" \/>\n<meta property=\"og:title\" content=\"Pol\u00edtica de cookies | Strategic Minerals\" \/>\n<meta property=\"og:description\" content=\"Descubre toda la informaci\u00f3n disponible en nuestra web. No dudes en contactar con nosotros para cualquier duda o informaci\u00f3n.\" \/>\n<meta property=\"og:url\" content=\"https:\/\/www.strategicminerals.com\/es\/politica-cookies\/\" \/>\n<meta property=\"og:site_name\" content=\"Strategic Minerals\" \/>\n<meta property=\"article:publisher\" content=\"https:\/\/www.facebook.com\/strategicmineralsspain\/\" \/>\n<meta property=\"article:modified_time\" content=\"2022-08-09T08:35:26+00:00\" \/>\n<meta property=\"og:image\" content=\"https:\/\/www.strategicminerals.com\/wp-content\/uploads\/2022\/02\/SME-logotipo-pos.png\" \/>\n\t<meta property=\"og:image:width\" content=\"1501\" \/>\n\t<meta property=\"og:image:height\" content=\"451\" \/>\n\t<meta property=\"og:image:type\" content=\"image\/png\" \/>\n<meta name=\"twitter:card\" content=\"summary_large_image\" \/>\n<meta name=\"twitter:label1\" content=\"Tiempo de lectura\" \/>\n\t<meta name=\"twitter:data1\" content=\"2 minutos\" \/>\n<script type=\"application\/ld+json\" class=\"yoast-schema-graph\">{\"@context\":\"https:\/\/schema.org\",\"@graph\":[{\"@type\":\"Organization\",\"@id\":\"https:\/\/www.strategicminerals.com\/#organization\",\"name\":\"Strategic Minerals Europe Corp.\",\"url\":\"https:\/\/www.strategicminerals.com\/\",\"sameAs\":[\"https:\/\/www.linkedin.com\/company\/strategic-minerals-spain\/\",\"https:\/\/www.facebook.com\/strategicmineralsspain\/\"],\"logo\":{\"@type\":\"ImageObject\",\"inLanguage\":\"es\",\"@id\":\"https:\/\/www.strategicminerals.com\/#\/schema\/logo\/image\/\",\"url\":\"https:\/\/www.strategicminerals.com\/wp-content\/uploads\/2022\/02\/SME-logotipo-pos.png\",\"contentUrl\":\"https:\/\/www.strategicminerals.com\/wp-content\/uploads\/2022\/02\/SME-logotipo-pos.png\",\"width\":1501,\"height\":451,\"caption\":\"Strategic Minerals Europe Corp.\"},\"image\":{\"@id\":\"https:\/\/www.strategicminerals.com\/#\/schema\/logo\/image\/\"}},{\"@type\":\"WebSite\",\"@id\":\"https:\/\/www.strategicminerals.com\/#website\",\"url\":\"https:\/\/www.strategicminerals.com\/\",\"name\":\"Strategic Minerals\",\"description\":\"Miner\u00eda responsable y sostenible\",\"publisher\":{\"@id\":\"https:\/\/www.strategicminerals.com\/#organization\"},\"potentialAction\":[{\"@type\":\"SearchAction\",\"target\":{\"@type\":\"EntryPoint\",\"urlTemplate\":\"https:\/\/www.strategicminerals.com\/?s={search_term_string}\"},\"query-input\":\"required name=search_term_string\"}],\"inLanguage\":\"es\"},{\"@type\":\"WebPage\",\"@id\":\"https:\/\/www.strategicminerals.com\/es\/politica-cookies\/#webpage\",\"url\":\"https:\/\/www.strategicminerals.com\/es\/politica-cookies\/\",\"name\":\"Pol\u00edtica de cookies | Strategic Minerals\",\"isPartOf\":{\"@id\":\"https:\/\/www.strategicminerals.com\/#website\"},\"datePublished\":\"2022-05-09T14:45:37+00:00\",\"dateModified\":\"2022-08-09T08:35:26+00:00\",\"description\":\"Descubre toda la informaci\u00f3n disponible en nuestra web. No dudes en contactar con nosotros para cualquier duda o informaci\u00f3n.\",\"breadcrumb\":{\"@id\":\"https:\/\/www.strategicminerals.com\/es\/politica-cookies\/#breadcrumb\"},\"inLanguage\":\"es\",\"potentialAction\":[{\"@type\":\"ReadAction\",\"target\":[\"https:\/\/www.strategicminerals.com\/es\/politica-cookies\/\"]}]},{\"@type\":\"BreadcrumbList\",\"@id\":\"https:\/\/www.strategicminerals.com\/es\/politica-cookies\/#breadcrumb\",\"itemListElement\":[{\"@type\":\"ListItem\",\"position\":1,\"name\":\"Home\",\"item\":\"https:\/\/www.strategicminerals.com\/es\/\"},{\"@type\":\"ListItem\",\"position\":2,\"name\":\"Pol\u00edtica de cookies\"}]}]}<\/script>\n<!-- \/ Yoast SEO plugin. -->","yoast_head_json":{"title":"Pol\u00edtica de cookies | Strategic Minerals","description":"Descubre toda la informaci\u00f3n disponible en nuestra web. No dudes en contactar con nosotros para cualquier duda o informaci\u00f3n.","robots":{"index":"noindex","follow":"nofollow"},"og_locale":"es_ES","og_type":"article","og_title":"Pol\u00edtica de cookies | Strategic Minerals","og_description":"Descubre toda la informaci\u00f3n disponible en nuestra web. No dudes en contactar con nosotros para cualquier duda o informaci\u00f3n.","og_url":"https:\/\/www.strategicminerals.com\/es\/politica-cookies\/","og_site_name":"Strategic Minerals","article_publisher":"https:\/\/www.facebook.com\/strategicmineralsspain\/","article_modified_time":"2022-08-09T08:35:26+00:00","og_image":[{"width":1501,"height":451,"url":"https:\/\/www.strategicminerals.com\/wp-content\/uploads\/2022\/02\/SME-logotipo-pos.png","type":"image\/png"}],"twitter_card":"summary_large_image","twitter_misc":{"Tiempo de lectura":"2 minutos"},"schema":{"@context":"https:\/\/schema.org","@graph":[{"@type":"Organization","@id":"https:\/\/www.strategicminerals.com\/#organization","name":"Strategic Minerals Europe Corp.","url":"https:\/\/www.strategicminerals.com\/","sameAs":["https:\/\/www.linkedin.com\/company\/strategic-minerals-spain\/","https:\/\/www.facebook.com\/strategicmineralsspain\/"],"logo":{"@type":"ImageObject","inLanguage":"es","@id":"https:\/\/www.strategicminerals.com\/#\/schema\/logo\/image\/","url":"https:\/\/www.strategicminerals.com\/wp-content\/uploads\/2022\/02\/SME-logotipo-pos.png","contentUrl":"https:\/\/www.strategicminerals.com\/wp-content\/uploads\/2022\/02\/SME-logotipo-pos.png","width":1501,"height":451,"caption":"Strategic Minerals Europe Corp."},"image":{"@id":"https:\/\/www.strategicminerals.com\/#\/schema\/logo\/image\/"}},{"@type":"WebSite","@id":"https:\/\/www.strategicminerals.com\/#website","url":"https:\/\/www.strategicminerals.com\/","name":"Strategic Minerals","description":"Miner\u00eda responsable y sostenible","publisher":{"@id":"https:\/\/www.strategicminerals.com\/#organization"},"potentialAction":[{"@type":"SearchAction","target":{"@type":"EntryPoint","urlTemplate":"https:\/\/www.strategicminerals.com\/?s={search_term_string}"},"query-input":"required name=search_term_string"}],"inLanguage":"es"},{"@type":"WebPage","@id":"https:\/\/www.strategicminerals.com\/es\/politica-cookies\/#webpage","url":"https:\/\/www.strategicminerals.com\/es\/politica-cookies\/","name":"Pol\u00edtica de cookies | Strategic Minerals","isPartOf":{"@id":"https:\/\/www.strategicminerals.com\/#website"},"datePublished":"2022-05-09T14:45:37+00:00","dateModified":"2022-08-09T08:35:26+00:00","description":"Descubre toda la informaci\u00f3n disponible en nuestra web. No dudes en contactar con nosotros para cualquier duda o informaci\u00f3n.","breadcrumb":{"@id":"https:\/\/www.strategicminerals.com\/es\/politica-cookies\/#breadcrumb"},"inLanguage":"es","potentialAction":[{"@type":"ReadAction","target":["https:\/\/www.strategicminerals.com\/es\/politica-cookies\/"]}]},{"@type":"BreadcrumbList","@id":"https:\/\/www.strategicminerals.com\/es\/politica-cookies\/#breadcrumb","itemListElement":[{"@type":"ListItem","position":1,"name":"Home","item":"https:\/\/www.strategicminerals.com\/es\/"},{"@type":"ListItem","position":2,"name":"Pol\u00edtica de cookies"}]}]}},"_links":{"self":[{"href":"https:\/\/www.strategicminerals.com\/es\/wp-json\/wp\/v2\/pages\/1137","targetHints":{"allow":["GET"]}}],"collection":[{"href":"https:\/\/www.strategicminerals.com\/es\/wp-json\/wp\/v2\/pages"}],"about":[{"href":"https:\/\/www.strategicminerals.com\/es\/wp-json\/wp\/v2\/types\/page"}],"author":[{"embeddable":true,"href":"https:\/\/www.strategicminerals.com\/es\/wp-json\/wp\/v2\/users\/1"}],"replies":[{"embeddable":true,"href":"https:\/\/www.strategicminerals.com\/es\/wp-json\/wp\/v2\/comments?post=1137"}],"version-history":[{"count":3,"href":"https:\/\/www.strategicminerals.com\/es\/wp-json\/wp\/v2\/pages\/1137\/revisions"}],"predecessor-version":[{"id":1704,"href":"https:\/\/www.strategicminerals.com\/es\/wp-json\/wp\/v2\/pages\/1137\/revisions\/1704"}],"wp:attachment":[{"href":"https:\/\/www.strategicminerals.com\/es\/wp-json\/wp\/v2\/media?parent=1137"}],"curies":[{"name":"wp","href":"https:\/\/api.w.org\/{rel}","templated":true}]}}