{"id":167,"date":"2022-03-08T17:03:15","date_gmt":"2022-03-08T16:03:15","guid":{"rendered":"https:\/\/www.strategicminerals.com\/?page_id=167"},"modified":"2022-07-20T10:03:01","modified_gmt":"2022-07-20T08:03:01","slug":"innovacion","status":"publish","type":"page","link":"https:\/\/www.strategicminerals.com\/es\/innovacion\/","title":{"rendered":"Innovaci\u00f3n"},"content":{"rendered":"<p>[vc_row foundry_background_style=\u00bbbg-dark\u00bb foundry_padding=\u00bbpt64 pb64&#8243; foundry_parallax=\u00bbnot-parallax\u00bb el_id=\u00bbproyectos\u00bb css=\u00bb.vc_custom_1651766151618{background-image: url(https:\/\/www.strategicminerals.com\/wp-content\/uploads\/2022\/05\/cabecera-innovacion-scaled.jpg?id=1075) !important;background-position: center !important;background-repeat: no-repeat !important;background-size: cover !important;}\u00bb][vc_column][vc_column_text]<\/p>\n<h1 style=\"text-align: center;\"><strong>Innovaci\u00f3n<\/strong><\/h1>\n<p>[\/vc_column_text][\/vc_column][\/vc_row][vc_row foundry_padding=\u00bbpt64 pb64&#8243;][vc_column][vc_column_text]<\/p>\n<p class=\"sup\" style=\"text-align: center;\">Innovaci\u00f3n<\/p>\n<h2 style=\"text-align: center;\"><strong>Proyectos I+D+i<\/strong><\/h2>\n<p>[\/vc_column_text][vc_row_inner content_placement=\u00bbmiddle\u00bb][vc_column_inner width=\u00bb1\/2&#8243; offset=\u00bbvc_col-lg-offset-0 vc_col-md-offset-0&#8243;][vc_column_text]En su apuesta por la innovaci\u00f3n continua, la compa\u00f1\u00eda colabora en iniciativas de investigaci\u00f3n y desarrollo con centros tecnol\u00f3gicos y Universidades de primer nivel que est\u00e1n asociadas tanto al estudio como a la obtenci\u00f3n de los minerales que son objeto de sus proyectos.<\/p>\n<p>Entre los proyectos de I+D+i en los que participa actualmente o ha colaborado se encuentran:[\/vc_column_text][\/vc_column_inner][vc_column_inner width=\u00bb1\/2&#8243;][vc_single_image image=\u00bb930&#8243; img_size=\u00bbfull\u00bb][\/vc_column_inner][\/vc_row_inner][vc_tta_pageable no_fill_content_area=\u00bbtrue\u00bb autoplay=\u00bb5&#8243; active_section=\u00bb1&#8243; el_class=\u00bbcontainer-proyectos\u00bb][vc_tta_section title=\u00bbTar\u00e1ntula\u00bb tab_id=\u00bbtarantula\u00bb][vc_row_inner][vc_column_inner width=\u00bb1\/2&#8243;][vc_column_text]<\/p>\n<h3>Proyecto Tarantula (Proyecto Europeo H2020)<\/h3>\n<h5>Coordinador: Tecnalia<br \/>\nAcci\u00f3n colaborativa de 16 socios procedente de 7 pa\u00edses diferentes.<br \/>\nDuraci\u00f3n: 2019-2022<\/h5>\n<p>Strategic Minerals Spain forma parte del proyecto europeo H2020 Tarantula, que busca recuperar materias primas cr\u00edticas de residuos mineros, empleando procesos metal\u00fargicos respetuosos con el medio ambiente, sostenibles y de bajo coste.<\/p>\n<p>El objetivo de este proyecto es el desarrollo de nuevos m\u00e9todos de recuperaci\u00f3n de tres metales de alto inter\u00e9s tecnol\u00f3gico: Tantalio (Ta), Niobio (Nb) y Wolframio (W), empleando para ello una diversidad de tecnolog\u00edas novedosas (bio-, hidro-, iono-, piro- y electrometal\u00fargicas), que permitan desarrollar un proceso eficiente y respetuoso con el medioambiente.<\/p>\n<p>Este proyecto est\u00e1 financiado por el programa Horizonte 2020 de la Comisi\u00f3n Europea (Grant agreement ID: 821159).<\/p>\n<p>Link del proyecto:\u00a0<a href=\"https:\/\/h2020-tarantula.eu\/\">https:\/\/h2020-tarantula.eu\/<\/a>[\/vc_column_text][\/vc_column_inner][vc_column_inner width=\u00bb1\/2&#8243;][vc_single_image image=\u00bb806&#8243; img_size=\u00bbfull\u00bb alignment=\u00bbcenter\u00bb][\/vc_column_inner][\/vc_row_inner][\/vc_tta_section][vc_tta_section title=\u00bbRetos Colaboraci\u00f3n\u00bb tab_id=\u00bbretos\u00bb][vc_row_inner][vc_column_inner width=\u00bb1\/2&#8243;][vc_column_text]<\/p>\n<h3>Desarrollo de tecnolog\u00edas para la obtenci\u00f3n de Esta\u00f1o, Niobio y Tantalio a partir de residuos mineros (ESTANNIO). Proyecto Retos Colaboraci\u00f3n<\/h3>\n<h5>Promotor: Strategic Minerals Europe<br \/>\nLugar: Mina de Penouta<br \/>\nColaboradores: CENIM (Centro Nacional de Investigaciones Metal\u00fargicas) y KROWN S.A.<br \/>\nDuraci\u00f3n: 2018-2020<\/h5>\n<p>El objetivo principal de este proyecto fue la revalorizaci\u00f3n de los est\u00e9riles de la mina de Penouta como fuente alternativa de Niobio (Nb), Tantalio (Ta) y Esta\u00f1o (Sn), desarrollando una tecnolog\u00eda novedosa a escala piloto para la recuperaci\u00f3n de estos metales, mediante una combinaci\u00f3n de t\u00e9cnicas piro e hidrometal\u00fargicas.<\/p>\n<p>Este proyecto, con n\u00famero de expediente RTC-2017-6629-5, ha sido financiado por el Ministerio de Econom\u00eda, Industria y Competitividad y la Agencia Estatal de Investigaci\u00f3n en el contexto de la convocatoria Retos-Colaboraci\u00f3n del Programa Estatal de Investigaci\u00f3n, Desarrollo e Innovaci\u00f3n Orientada a los Retos de la Sociedad, en el marco del Plan Estatal de Investigaci\u00f3n Cient\u00edfica y T\u00e9cnica y de Innovaci\u00f3n 2013- 2016.[\/vc_column_text][\/vc_column_inner][vc_column_inner width=\u00bb1\/2&#8243;][vc_single_image image=\u00bb804&#8243; img_size=\u00bbfull\u00bb alignment=\u00bbcenter\u00bb][\/vc_column_inner][\/vc_row_inner][\/vc_tta_section][vc_tta_section title=\u00bbOptimore\u00bb tab_id=\u00bboptimore\u00bb][vc_row_inner][vc_column_inner width=\u00bb1\/2&#8243;][vc_column_text]<\/p>\n<h3>OptimOre Project (Horizonte 2020)<\/h3>\n<h5>Coordinador: Universidad Polit\u00e9cnica de Catalu\u00f1a, acci\u00f3n colaborativa con 8 socios europeos.<br \/>\nDuraci\u00f3n: 2014-2018<br \/>\nColaboraci\u00f3n de Strategic Minerals Spain formando parte del Advisory Board.<\/h5>\n<p>La compa\u00f1\u00eda se sum\u00f3 como colaborador a esta iniciativa, formando parte del Advisory Board y suministrando material procedente del yacimiento de Penouta.<\/p>\n<p>Estos estudios permitieron: (i) caracterizar qu\u00edmica y mineral\u00f3gicamente los materiales de alimentaci\u00f3n de la futura explotaci\u00f3n, as\u00ed como los concentrados met\u00e1licos de Esta\u00f1o (Sn)- Tantalio (Ta)- Niobio (Nb); (ii) realizar ensayos de separaci\u00f3n magn\u00e9tica de alta intensidad para la separaci\u00f3n de Esta\u00f1o (Sn) y Tantalio (Ta)-Niobio (Nb); (iii) llevar a cabo estudios de molienda y concentraci\u00f3n, que sirvieron para incrementar el rendimiento de la planta de proceso y un ahorro energ\u00e9tico respecto a la configuraci\u00f3n previa.[\/vc_column_text][\/vc_column_inner][vc_column_inner width=\u00bb1\/2&#8243;][vc_single_image image=\u00bb802&#8243; img_size=\u00bbfull\u00bb alignment=\u00bbcenter\u00bb][\/vc_column_inner][\/vc_row_inner][\/vc_tta_section][vc_tta_section title=\u00bbPetrogr\u00e1fico\u00bb tab_id=\u00bbpetrografico\u00bb][vc_row_inner][vc_column_inner width=\u00bb1\/2&#8243;][vc_column_text]<\/p>\n<h3>Estudio petrogr\u00e1fico, qu\u00edmico, mineral\u00f3gico y petrogen\u00e9tico de la mineralizaci\u00f3n de tantalio, niobio y esta\u00f1o de la Mina de Penouta<\/h3>\n<h5><strong>Promotor: Strategic Minerals Europe<\/strong><br \/>\n<strong>Lugar: Mina de Penouta<\/strong><br \/>\n<strong>Colaborador: Grupo de Investigaci\u00f3n de Recursos y Yacimientos Minerales del Departamento de Geolog\u00eda de la Universidad de Salamanca<\/strong><\/h5>\n<p>Esta iniciativa se enmarc\u00f3 en proyecto general de Strategic Minerals Europe de revalorizar los residuos est\u00e9riles en la Mina de Penouta.<\/p>\n<p>Consisti\u00f3 en el estudio en profundidad de numerosas muestras procedentes de distintos sondeos en una l\u00ednea estrat\u00e9gica que atraviesa la totalidad del dep\u00f3sito, a partir del cual se ha elaborado un modelo gen\u00e9tico que explica la mineralizaci\u00f3n de Esta\u00f1o (Sn), Tantalio (Ta) y Niobio (Nb).[\/vc_column_text][\/vc_column_inner][vc_column_inner width=\u00bb1\/2&#8243;][vc_single_image image=\u00bb798&#8243; img_size=\u00bbfull\u00bb alignment=\u00bbcenter\u00bb][\/vc_column_inner][\/vc_row_inner][\/vc_tta_section][vc_tta_section title=\u00bbFundici\u00f3n\u00bb tab_id=\u00bbfundicion\u00bb][vc_row_inner][vc_column_inner width=\u00bb1\/2&#8243;][vc_column_text]<\/p>\n<h3>Estudios de fundici\u00f3n de concentrados de Esta\u00f1o (Sn), Tantalio (Ta) y Niobio (Nb)<\/h3>\n<h5>Promotor: Strategic Minerals Europe<br \/>\nLugar: Mina de Penouta<br \/>\nColaboradores: AZTERLAN Centro de Investigaci\u00f3n Metal\u00fargica y CENIM (Centro Nacional de Investigaciones Metal\u00fargicas)<\/h5>\n<p>A trav\u00e9s de este estudio se busc\u00f3 mejorar la calidad del concentrado de casiterita que se obtiene tras el procesado del mineral de la mina de Penouta.<\/p>\n<p>De la mano de IK4-AZTERLAN se est\u00e1 trabajando en un estudio en el que se definen las posibilidades te\u00f3ricas de enriquecimiento del residuo enriquecido en Niobio (Nb) y Tantalio (Ta) mediante m\u00e9todos relacionados con la fusi\u00f3n del material.<\/p>\n<p>En colaboraci\u00f3n con el CENIM (Centro Nacional de Investigaciones Metal\u00fargicas) se sigui\u00f3 la ruta cl\u00e1sica de reducci\u00f3n carbot\u00e9rmica del concentrado para separar el Esta\u00f1o (Sn) met\u00e1lico, concentrando Niobio (Nb) y Tantalio (Ta) en las escorias y optimizando este proceso a escala de laboratorio. Una vez logrado, se llevar\u00e1n a cabo pruebas a escala semi-industrial que permitan verificar los resultados de la primera fase.[\/vc_column_text][\/vc_column_inner][vc_column_inner width=\u00bb1\/2&#8243;][vc_single_image image=\u00bb800&#8243; img_size=\u00bbfull\u00bb alignment=\u00bbcenter\u00bb][\/vc_column_inner][\/vc_row_inner][\/vc_tta_section][\/vc_tta_pageable][\/vc_column][\/vc_row][vc_row foundry_background_style=\u00bbbg-secondary\u00bb foundry_padding=\u00bbpt64 pb64&#8243; el_id=\u00bbpublicaciones\u00bb][vc_column][vc_column_text]<\/p>\n<p class=\"sup\" style=\"text-align: center;\">Innovaci\u00f3n<\/p>\n<h2 style=\"text-align: center;\"><strong>Publicaciones I+D+i<\/strong><\/h2>\n<p>[\/vc_column_text][vc_basic_grid post_type=\u00bbpost\u00bb max_items=\u00bb-1&#8243; element_width=\u00bb6&#8243; item=\u00bb322&#8243; grid_id=\u00bbvc_gid:1657568728173-d17fc1fb-80ce-10&#8243; taxonomies=\u00bb6&#8243; el_class=\u00bbpublis-id\u00bb][\/vc_column][\/vc_row]<\/p>\n","protected":false},"excerpt":{"rendered":"<p>[vc_row foundry_background_style=\u00bbbg-dark\u00bb foundry_padding=\u00bbpt64 pb64&#8243; foundry_parallax=\u00bbnot-parallax\u00bb el_id=\u00bbproyectos\u00bb css=\u00bb.vc_custom_1651766151618{background-image: url(https:\/\/www.strategicminerals.com\/wp-content\/uploads\/2022\/05\/cabecera-innovacion-scaled.jpg?id=1075) !important;background-position: center !important;background-repeat: no-repeat !important;background-size: cover !important;}\u00bb][vc_column][vc_column_text] Innovaci\u00f3n [\/vc_column_text][\/vc_column][\/vc_row][vc_row foundry_padding=\u00bbpt64 pb64&#8243;][vc_column][vc_column_text] Innovaci\u00f3n Proyectos&#8230;<\/p>\n","protected":false},"author":1,"featured_media":0,"parent":0,"menu_order":0,"comment_status":"closed","ping_status":"closed","template":"","meta":{"footnotes":"","_links_to":"","_links_to_target":""},"class_list":["post-167","page","type-page","status-publish","hentry"],"yoast_head":"<!-- This site is optimized with the Yoast SEO plugin v19.0 - https:\/\/yoast.com\/wordpress\/plugins\/seo\/ -->\n<title>Innovaci\u00f3n | Strategic Minerals<\/title>\n<meta name=\"description\" content=\"La compa\u00f1\u00eda colabora en iniciativas de investigaci\u00f3n y desarrollo con los principales centros tecnol\u00f3gicos y universidades asociadas.\" \/>\n<meta name=\"robots\" content=\"index, follow, max-snippet:-1, max-image-preview:large, max-video-preview:-1\" \/>\n<link rel=\"canonical\" href=\"https:\/\/www.strategicminerals.com\/es\/innovacion\/\" \/>\n<meta property=\"og:locale\" content=\"es_ES\" \/>\n<meta property=\"og:type\" content=\"article\" \/>\n<meta property=\"og:title\" content=\"Strategic Minerals | Innovaci\u00f3n\" \/>\n<meta property=\"og:description\" content=\"La compa\u00f1\u00eda colabora en iniciativas de investigaci\u00f3n y desarrollo con los principales centros tecnol\u00f3gicos y universidades asociadas.\" \/>\n<meta property=\"og:url\" content=\"https:\/\/www.strategicminerals.com\/es\/innovacion\/\" \/>\n<meta property=\"og:site_name\" content=\"Strategic Minerals\" \/>\n<meta property=\"article:publisher\" content=\"https:\/\/www.facebook.com\/strategicmineralsspain\/\" \/>\n<meta property=\"article:modified_time\" content=\"2022-07-20T08:03:01+00:00\" \/>\n<meta property=\"og:image\" content=\"https:\/\/www.strategicminerals.com\/wp-content\/uploads\/2022\/07\/SME-seofb.jpg\" \/>\n\t<meta property=\"og:image:width\" content=\"2401\" \/>\n\t<meta property=\"og:image:height\" content=\"1261\" \/>\n\t<meta property=\"og:image:type\" content=\"image\/jpeg\" \/>\n<meta name=\"twitter:card\" content=\"summary_large_image\" \/>\n<meta name=\"twitter:title\" content=\"Strategic Minerals | Innovaci\u00f3n\" \/>\n<meta name=\"twitter:description\" content=\"La compa\u00f1\u00eda colabora en iniciativas de investigaci\u00f3n y desarrollo con los principales centros tecnol\u00f3gicos y universidades asociadas.\" \/>\n<meta name=\"twitter:image\" content=\"https:\/\/www.strategicminerals.com\/wp-content\/uploads\/2022\/07\/SME-seotw.jpg\" \/>\n<meta name=\"twitter:label1\" content=\"Tiempo de lectura\" \/>\n\t<meta name=\"twitter:data1\" content=\"4 minutos\" \/>\n<script type=\"application\/ld+json\" class=\"yoast-schema-graph\">{\"@context\":\"https:\/\/schema.org\",\"@graph\":[{\"@type\":\"Organization\",\"@id\":\"https:\/\/www.strategicminerals.com\/#organization\",\"name\":\"Strategic Minerals Europe Corp.\",\"url\":\"https:\/\/www.strategicminerals.com\/\",\"sameAs\":[\"https:\/\/www.linkedin.com\/company\/strategic-minerals-spain\/\",\"https:\/\/www.facebook.com\/strategicmineralsspain\/\"],\"logo\":{\"@type\":\"ImageObject\",\"inLanguage\":\"es\",\"@id\":\"https:\/\/www.strategicminerals.com\/#\/schema\/logo\/image\/\",\"url\":\"https:\/\/www.strategicminerals.com\/wp-content\/uploads\/2022\/02\/SME-logotipo-pos.png\",\"contentUrl\":\"https:\/\/www.strategicminerals.com\/wp-content\/uploads\/2022\/02\/SME-logotipo-pos.png\",\"width\":1501,\"height\":451,\"caption\":\"Strategic Minerals Europe Corp.\"},\"image\":{\"@id\":\"https:\/\/www.strategicminerals.com\/#\/schema\/logo\/image\/\"}},{\"@type\":\"WebSite\",\"@id\":\"https:\/\/www.strategicminerals.com\/#website\",\"url\":\"https:\/\/www.strategicminerals.com\/\",\"name\":\"Strategic Minerals\",\"description\":\"Miner\u00eda responsable y sostenible\",\"publisher\":{\"@id\":\"https:\/\/www.strategicminerals.com\/#organization\"},\"potentialAction\":[{\"@type\":\"SearchAction\",\"target\":{\"@type\":\"EntryPoint\",\"urlTemplate\":\"https:\/\/www.strategicminerals.com\/?s={search_term_string}\"},\"query-input\":\"required name=search_term_string\"}],\"inLanguage\":\"es\"},{\"@type\":\"ImageObject\",\"inLanguage\":\"es\",\"@id\":\"https:\/\/www.strategicminerals.com\/es\/innovacion\/#primaryimage\",\"url\":\"https:\/\/www.strategicminerals.com\/wp-content\/uploads\/2022\/07\/SME-seofb.jpg\",\"contentUrl\":\"https:\/\/www.strategicminerals.com\/wp-content\/uploads\/2022\/07\/SME-seofb.jpg\",\"width\":2401,\"height\":1261,\"caption\":\"SME SEO FB\"},{\"@type\":\"WebPage\",\"@id\":\"https:\/\/www.strategicminerals.com\/es\/innovacion\/#webpage\",\"url\":\"https:\/\/www.strategicminerals.com\/es\/innovacion\/\",\"name\":\"Innovaci\u00f3n | Strategic Minerals\",\"isPartOf\":{\"@id\":\"https:\/\/www.strategicminerals.com\/#website\"},\"primaryImageOfPage\":{\"@id\":\"https:\/\/www.strategicminerals.com\/es\/innovacion\/#primaryimage\"},\"datePublished\":\"2022-03-08T16:03:15+00:00\",\"dateModified\":\"2022-07-20T08:03:01+00:00\",\"description\":\"La compa\u00f1\u00eda colabora en iniciativas de investigaci\u00f3n y desarrollo con los principales centros tecnol\u00f3gicos y universidades asociadas.\",\"breadcrumb\":{\"@id\":\"https:\/\/www.strategicminerals.com\/es\/innovacion\/#breadcrumb\"},\"inLanguage\":\"es\",\"potentialAction\":[{\"@type\":\"ReadAction\",\"target\":[\"https:\/\/www.strategicminerals.com\/es\/innovacion\/\"]}]},{\"@type\":\"BreadcrumbList\",\"@id\":\"https:\/\/www.strategicminerals.com\/es\/innovacion\/#breadcrumb\",\"itemListElement\":[{\"@type\":\"ListItem\",\"position\":1,\"name\":\"Home\",\"item\":\"https:\/\/www.strategicminerals.com\/es\/\"},{\"@type\":\"ListItem\",\"position\":2,\"name\":\"Innovaci\u00f3n\"}]}]}<\/script>\n<!-- \/ Yoast SEO plugin. -->","yoast_head_json":{"title":"Innovaci\u00f3n | Strategic Minerals","description":"La compa\u00f1\u00eda colabora en iniciativas de investigaci\u00f3n y desarrollo con los principales centros tecnol\u00f3gicos y universidades asociadas.","robots":{"index":"index","follow":"follow","max-snippet":"max-snippet:-1","max-image-preview":"max-image-preview:large","max-video-preview":"max-video-preview:-1"},"canonical":"https:\/\/www.strategicminerals.com\/es\/innovacion\/","og_locale":"es_ES","og_type":"article","og_title":"Strategic Minerals | Innovaci\u00f3n","og_description":"La compa\u00f1\u00eda colabora en iniciativas de investigaci\u00f3n y desarrollo con los principales centros tecnol\u00f3gicos y universidades asociadas.","og_url":"https:\/\/www.strategicminerals.com\/es\/innovacion\/","og_site_name":"Strategic Minerals","article_publisher":"https:\/\/www.facebook.com\/strategicmineralsspain\/","article_modified_time":"2022-07-20T08:03:01+00:00","og_image":[{"width":2401,"height":1261,"url":"https:\/\/www.strategicminerals.com\/wp-content\/uploads\/2022\/07\/SME-seofb.jpg","type":"image\/jpeg"}],"twitter_card":"summary_large_image","twitter_title":"Strategic Minerals | Innovaci\u00f3n","twitter_description":"La compa\u00f1\u00eda colabora en iniciativas de investigaci\u00f3n y desarrollo con los principales centros tecnol\u00f3gicos y universidades asociadas.","twitter_image":"https:\/\/www.strategicminerals.com\/wp-content\/uploads\/2022\/07\/SME-seotw.jpg","twitter_misc":{"Tiempo de lectura":"4 minutos"},"schema":{"@context":"https:\/\/schema.org","@graph":[{"@type":"Organization","@id":"https:\/\/www.strategicminerals.com\/#organization","name":"Strategic Minerals Europe Corp.","url":"https:\/\/www.strategicminerals.com\/","sameAs":["https:\/\/www.linkedin.com\/company\/strategic-minerals-spain\/","https:\/\/www.facebook.com\/strategicmineralsspain\/"],"logo":{"@type":"ImageObject","inLanguage":"es","@id":"https:\/\/www.strategicminerals.com\/#\/schema\/logo\/image\/","url":"https:\/\/www.strategicminerals.com\/wp-content\/uploads\/2022\/02\/SME-logotipo-pos.png","contentUrl":"https:\/\/www.strategicminerals.com\/wp-content\/uploads\/2022\/02\/SME-logotipo-pos.png","width":1501,"height":451,"caption":"Strategic Minerals Europe Corp."},"image":{"@id":"https:\/\/www.strategicminerals.com\/#\/schema\/logo\/image\/"}},{"@type":"WebSite","@id":"https:\/\/www.strategicminerals.com\/#website","url":"https:\/\/www.strategicminerals.com\/","name":"Strategic Minerals","description":"Miner\u00eda responsable y sostenible","publisher":{"@id":"https:\/\/www.strategicminerals.com\/#organization"},"potentialAction":[{"@type":"SearchAction","target":{"@type":"EntryPoint","urlTemplate":"https:\/\/www.strategicminerals.com\/?s={search_term_string}"},"query-input":"required name=search_term_string"}],"inLanguage":"es"},{"@type":"ImageObject","inLanguage":"es","@id":"https:\/\/www.strategicminerals.com\/es\/innovacion\/#primaryimage","url":"https:\/\/www.strategicminerals.com\/wp-content\/uploads\/2022\/07\/SME-seofb.jpg","contentUrl":"https:\/\/www.strategicminerals.com\/wp-content\/uploads\/2022\/07\/SME-seofb.jpg","width":2401,"height":1261,"caption":"SME SEO FB"},{"@type":"WebPage","@id":"https:\/\/www.strategicminerals.com\/es\/innovacion\/#webpage","url":"https:\/\/www.strategicminerals.com\/es\/innovacion\/","name":"Innovaci\u00f3n | Strategic Minerals","isPartOf":{"@id":"https:\/\/www.strategicminerals.com\/#website"},"primaryImageOfPage":{"@id":"https:\/\/www.strategicminerals.com\/es\/innovacion\/#primaryimage"},"datePublished":"2022-03-08T16:03:15+00:00","dateModified":"2022-07-20T08:03:01+00:00","description":"La compa\u00f1\u00eda colabora en iniciativas de investigaci\u00f3n y desarrollo con los principales centros tecnol\u00f3gicos y universidades asociadas.","breadcrumb":{"@id":"https:\/\/www.strategicminerals.com\/es\/innovacion\/#breadcrumb"},"inLanguage":"es","potentialAction":[{"@type":"ReadAction","target":["https:\/\/www.strategicminerals.com\/es\/innovacion\/"]}]},{"@type":"BreadcrumbList","@id":"https:\/\/www.strategicminerals.com\/es\/innovacion\/#breadcrumb","itemListElement":[{"@type":"ListItem","position":1,"name":"Home","item":"https:\/\/www.strategicminerals.com\/es\/"},{"@type":"ListItem","position":2,"name":"Innovaci\u00f3n"}]}]}},"_links":{"self":[{"href":"https:\/\/www.strategicminerals.com\/es\/wp-json\/wp\/v2\/pages\/167","targetHints":{"allow":["GET"]}}],"collection":[{"href":"https:\/\/www.strategicminerals.com\/es\/wp-json\/wp\/v2\/pages"}],"about":[{"href":"https:\/\/www.strategicminerals.com\/es\/wp-json\/wp\/v2\/types\/page"}],"author":[{"embeddable":true,"href":"https:\/\/www.strategicminerals.com\/es\/wp-json\/wp\/v2\/users\/1"}],"replies":[{"embeddable":true,"href":"https:\/\/www.strategicminerals.com\/es\/wp-json\/wp\/v2\/comments?post=167"}],"version-history":[{"count":42,"href":"https:\/\/www.strategicminerals.com\/es\/wp-json\/wp\/v2\/pages\/167\/revisions"}],"predecessor-version":[{"id":1919,"href":"https:\/\/www.strategicminerals.com\/es\/wp-json\/wp\/v2\/pages\/167\/revisions\/1919"}],"wp:attachment":[{"href":"https:\/\/www.strategicminerals.com\/es\/wp-json\/wp\/v2\/media?parent=167"}],"curies":[{"name":"wp","href":"https:\/\/api.w.org\/{rel}","templated":true}]}}