{"id":1759,"date":"2022-06-03T07:53:15","date_gmt":"2022-06-03T05:53:15","guid":{"rendered":"https:\/\/www.strategicminerals.com\/disclaimer\/"},"modified":"2022-07-20T10:00:38","modified_gmt":"2022-07-20T08:00:38","slug":"avisoppt","status":"publish","type":"page","link":"https:\/\/www.strategicminerals.com\/es\/avisoppt\/","title":{"rendered":"Aviso legal"},"content":{"rendered":"<p>[vc_row foundry_background_style=\u00bbbg-secondary\u00bb foundry_padding=\u00bbpt64 pb64&#8243;][vc_column width=\u00bb2\/3&#8243; el_class=\u00bbcol-politicas\u00bb offset=\u00bbvc_col-lg-offset-2 vc_col-md-offset-2&#8243;][vc_column_text]<\/p>\n<h1 style=\"text-align: center;\"><strong>Aviso legal<\/strong><\/h1>\n<p>[\/vc_column_text][vc_column_text]Esta presentaci\u00f3n (la \u00ab<strong>Presentaci\u00f3n<\/strong>\u00ab) ha sido preparada por Strategic Minerals Europe Corp. (\u00ab<strong>Strategic Minerals Europe<\/strong>\u00bb o la \u00ab<strong>Compa\u00f1\u00eda<\/strong>\u00ab) \u00fanicamente con fines informativos. Ninguna de las personas que forman parte de Strategic Minerals, sus filiales o cualquiera de sus respectivos empleados, directores, responsables, contratistas, asesores, miembros, sucesores, representantes o agentes hacen ninguna declaraci\u00f3n o garant\u00eda en cuanto a la exactitud o integridad de cualquier informaci\u00f3n contenida en esta Presentaci\u00f3n y no tendr\u00e1 ninguna responsabilidad por las declaraciones (expresas o impl\u00edcitas) contenidas, o por cualquier omisi\u00f3n de esta Presentaci\u00f3n. Esta Presentaci\u00f3n no constituir\u00e1 una oferta, ni una solicitud de oferta, de venta o compra de valores. Esta Presentaci\u00f3n no constituye una oferta de valores de Strategic Minerals Europe y bajo ninguna circunstancia debe interpretarse como un prospecto o publicidad u oferta p\u00fablica de valores.<\/p>\n<p>La informaci\u00f3n contenida en esta presentaci\u00f3n no pretende contener toda la informaci\u00f3n que pueda ser necesaria o deseable para evaluar de manera completa y precisa una inversi\u00f3n en valores de la Compa\u00f1\u00eda y no se debe considerar como una recomendaci\u00f3n de la misma (la Compa\u00f1\u00eda) de que cualquier persona realice una inversi\u00f3n en ella (la Compa\u00f1\u00eda). La informaci\u00f3n en esta Presentaci\u00f3n no pretende ser considerada como asesoramiento a inversores o potenciales inversores y no tiene en cuenta los objetivos de inversi\u00f3n, la situaci\u00f3n financiera o las necesidades de ning\u00fan inversor en particular. Esta Presentaci\u00f3n no debe interpretarse como asesoramiento legal, financiero o fiscal a cualquier individuo, ya que las circunstancias de cada individuo son diferentes. Los lectores deben consultar con sus propios asesores profesionales en funci\u00f3n de sus circunstancias particulares.<\/p>\n<p><b>Datos del mercado y la industria<\/b><\/p>\n<p>Esta presentaci\u00f3n incluye datos del mercado y de la industria que se han obtenido de fuentes de terceros. Strategic Minerals Europe cree que los datos de la industria son precisos y que las estimaciones y las suposiciones son razonables, pero no se puede asegurar la exactitud o integridad de estos datos. Las fuentes de terceros generalmente afirman que la informaci\u00f3n contenida en ellos se ha obtenido de fuentes que se consideran confiables, pero no hay seguridad en cuanto a la exactitud o integridad de la informaci\u00f3n incluida. Aunque los datos se consideran fiables, Strategic Minerals Europe no ha verificado de forma independiente ninguno de los datos de fuentes de terceros a los que se hace referencia en esta Presentaci\u00f3n, ni ha comprobado los supuestos econ\u00f3micos subyacentes en los que se basan dichas fuentes. Las referencias en esta presentaci\u00f3n de informes de investigaci\u00f3n, art\u00edculos y publicaciones no debe interpretarse como una representaci\u00f3n de los conclusiones completas del informe o art\u00edculo al que se hace referencia. Strategic Minerals Europe no hace ninguna declaraci\u00f3n en cuanto a la exactitud de dicha informaci\u00f3n.<\/p>\n<p><b>Advertencia sobre la informaci\u00f3n t\u00e9cnica: PENOUTA y ALBERTA II<\/b><\/p>\n<p>Esta Presentaci\u00f3n contiene informaci\u00f3n relativa a los recursos minerales estimados en los proyectos minerales de la Compa\u00f1\u00eda, el Proyecto Penouta y el Proyecto Alberta II, a los que se hace referencia en el presente documento, tal y como se extrae de la Declaraci\u00f3n de presentaci\u00f3n de Strategic Minerals Europe con fecha del 6 de diciembre de 2021 y disponible en www.sedar.com (la \u00abDeclaraci\u00f3n de presentaci\u00f3n\u00bb). Los recursos minerales no son reservas minerales y no tienen viabilidad econ\u00f3mica demostrada. La estimaci\u00f3n de los recursos minerales puede verse afectada materialmente por cuestiones ambientales, de permisos, legales, de t\u00edtulos, sociopol\u00edticas, de marketing u otras cuestiones relevantes. En particular, la cantidad y la calidad de los recursos minerales inferidos comunicados son de naturaleza incierta y la exploraci\u00f3n es insuficiente para definir estos recursos minerales inferidos y un recurso mineral indicado o medido en todos los casos. En todos los casos, no se sabe con certeza si la explotaci\u00f3n adicional permitir\u00e1 elevar los recursos minerales inferidos a la categor\u00eda de recursos minerales indicados o medidos.<\/p>\n<p>Para conocer los supuestos, par\u00e1metros y m\u00e9todos clave utilizados para estimar los recursos minerales presentados con respecto a las operaciones de Penouta, consulte el informe t\u00e9cnico de conformidad con National<\/p>\n<p>Instrumento 43-101 &#8211; Normas de Divulgaci\u00f3n para Proyectos Minerales (\u201cNI 43-101\u201d) sobre el Yacimiento de Esta\u00f1o de Penouta, Ourense, Galicia, Espa\u00f1a, con fecha de informe del 29 de abril de 2021 y fecha efectiva de 5 marzo de 2021 preparado para Strategic Minerals Europe (el \u201cInforme T\u00e9cnico Penouta\u201d). Martin Pittuck, C.Eng, FGS, MIMMM, Consultor Corporativo (Geolog\u00eda Minera), SRK Consulting (UK) Limited es la persona cualificada a los efectos del Informe T\u00e9cnico de Penouta.<\/p>\n<p>La Compa\u00f1\u00eda niega con igual prominencia que (i) una \u00abPersona Cualificada\u00bb, tal como se define en NI 43-101, no haya realizado suficiente trabajo en la propiedad de la Compa\u00f1\u00eda en Alberta II para clasificar la propiedad hist\u00f3rica y estimar como recursos minerales actuales o reservas minerales; y (ii) la Compa\u00f1\u00eda no est\u00e1 tratando la estimaci\u00f3n hist\u00f3rica como recursos minerales actuales o reservas minerales.<\/p>\n<p><b>Declaraciones<\/b> <b>prospectivas<\/b><\/p>\n<p>Esta Presentaci\u00f3n, junto con los suplementos y cualquier otra informaci\u00f3n que la Compa\u00f1\u00eda pueda proporcionar a los posibles inversores, contiene \u00abinformaci\u00f3n prospectiva\u00bb seg\u00fan las disposiciones aplicables, leyes de valores, que pueden incluir, pero no se limitan a, declaraciones con respecto a estrategias, expectativas, operaciones planificadas, acciones futuras o el futuro rendimiento financiero u operativo futuro de la Compa\u00f1\u00eda y sus proyectos. Todas las declaraciones, que no sean de hechos hist\u00f3ricos, que aborden actividades, eventos, resultados, desarrollos, desempe\u00f1o o logros que la Compa\u00f1\u00eda anticipa o espera que pueda o vaya a ocurrir en el futuro (en su totalidad o en parte) debe considerarse informaci\u00f3n prospectiva. A menudo, pero no siempre, las declaraciones prospectivas se pueden identificar por el uso de palabras como \u00abplanea\u00bb, \u00abespera\u00bb, \u00abse espera\u00bb, \u00abpresupuesto\u00bb, \u00abprogramado\u00bb, \u00abestimado\u00bb, \u00abpron\u00f3stico\u00bb, \u00abpretende\u00bb, \u00abanticipa\u00bb o \u00abcree\u00bb o variaciones ( incluyendo variaciones negativas) de tales palabras y frases, o afirmar que ciertas acciones, eventos o resultados \u00abpueden ser\u00bb, \u00abpodr\u00edan ser\u00bb, \u00abpodr\u00e1n ser\u00bb o \u201cser\u00e1n\u00bb tomados, ocurridos o logrados. Las declaraciones prospectivas implican riesgos conocidos y desconocidos, incertidumbres y otros factores que pueden hacer que los resultados, el desempe\u00f1o o los logros reales de Strategic Minerals Europe sean sustancialmente diferentes de cualquier resultado, desempe\u00f1o o logros futuros.<br \/>\nlogros expresados \u200b\u200bo impl\u00edcitos en las declaraciones prospectivas. Dichos factores se basan en la informaci\u00f3n actualmente disponible para la Compa\u00f1\u00eda, incluida la informaci\u00f3n obtenida de terceros analistas de la industria y otras fuentes de terceros, y se basan en las expectativas actuales de la Direcci\u00f3n con respecto al crecimiento futuro, los resultados de las operaciones, el capital futuro (incluido la cantidad, la naturaleza y la fuentes de financiaci\u00f3n de los mismos) y gastos. Las declaraciones prospectivas contenidas en este documento se realizan a partir de la fecha de esta presentaci\u00f3n y Strategic Minerals Europe se exime de responsabilidades, excepto como requerido por la ley, cualquier obligaci\u00f3n de actualizar cualquier declaraci\u00f3n prospectiva ya sea como resultado de nueva informaci\u00f3n, resultados, eventos futuros, circunstancias, o si las estimaciones u opiniones de la Direcci\u00f3n cambiaran, o de cualquier otro motivo. No puede haber garant\u00eda de que las declaraciones prospectivas sean precisas, ya que los resultados reales y los eventos futuros podr\u00edan diferir sustancialmente de los previstos en dichas declaraciones. En consecuencia, se advierte al lector que no debe confiar indebidamente en las declaraciones prospectivas. La informaci\u00f3n prospectiva contenida en esta Presentaci\u00f3n est\u00e1 expresamente condicionada por esta declaraci\u00f3n de advertencia. Se advierte a los inversores que no conf\u00eden indebidamente en esta informaci\u00f3n prospectiva y se les anima a leer la divulgaci\u00f3n continua de los documentos de Strategic Minerals Europe, incluyendo su Declaraci\u00f3n de presentaci\u00f3n y el MD&amp;A m\u00e1s reciente, que en conjunto contienen una lista m\u00e1s completa de los factores de riesgo asociados con el negocio de Strategic Minerals Europe y que est\u00e1n disponibles en SEDAR en <a href=\"http:\/\/www.sedar.com\/\">www.sedar.com<\/a>.<\/p>\n<p>Los valores de Strategic Minerals Europe no han sido aprobados o desaprobados por ninguna autoridad provincial reguladora de valores o de otro tipo, ni ninguna autoridad provincial reguladora de valores o de otro tipo se ha pronunciado sobre la exactitud o adecuaci\u00f3n de esta Presentaci\u00f3n.[\/vc_column_text][\/vc_column][\/vc_row]<\/p>\n","protected":false},"excerpt":{"rendered":"<p>[vc_row foundry_background_style=\u00bbbg-secondary\u00bb foundry_padding=\u00bbpt64 pb64&#8243;][vc_column width=\u00bb2\/3&#8243; el_class=\u00bbcol-politicas\u00bb offset=\u00bbvc_col-lg-offset-2 vc_col-md-offset-2&#8243;][vc_column_text] Aviso legal [\/vc_column_text][vc_column_text]Esta presentaci\u00f3n (la \u00abPresentaci\u00f3n\u00ab) ha sido preparada por Strategic Minerals Europe&#8230;<\/p>\n","protected":false},"author":1,"featured_media":0,"parent":0,"menu_order":0,"comment_status":"closed","ping_status":"closed","template":"","meta":{"footnotes":"","_links_to":"","_links_to_target":""},"class_list":["post-1759","page","type-page","status-publish","hentry"],"yoast_head":"<!-- This site is optimized with the Yoast SEO plugin v19.0 - https:\/\/yoast.com\/wordpress\/plugins\/seo\/ -->\n<title>Aviso legal | Strategic Minerals<\/title>\n<meta name=\"description\" content=\"Descubre toda la informaci\u00f3n disponible en nuestra web. No dudes en contactar con nosotros para cualquier duda o informaci\u00f3n.\" \/>\n<meta name=\"robots\" content=\"noindex, follow\" \/>\n<meta property=\"og:locale\" content=\"es_ES\" \/>\n<meta property=\"og:type\" content=\"article\" \/>\n<meta property=\"og:title\" content=\"Aviso legal | Strategic Minerals\" \/>\n<meta property=\"og:description\" content=\"Descubre toda la informaci\u00f3n disponible en nuestra web. No dudes en contactar con nosotros para cualquier duda o informaci\u00f3n.\" \/>\n<meta property=\"og:url\" content=\"https:\/\/www.strategicminerals.com\/es\/avisoppt\/\" \/>\n<meta property=\"og:site_name\" content=\"Strategic Minerals\" \/>\n<meta property=\"article:publisher\" content=\"https:\/\/www.facebook.com\/strategicmineralsspain\/\" \/>\n<meta property=\"article:modified_time\" content=\"2022-07-20T08:00:38+00:00\" \/>\n<meta property=\"og:image\" content=\"https:\/\/www.strategicminerals.com\/wp-content\/uploads\/2022\/02\/SME-logotipo-pos.png\" \/>\n\t<meta property=\"og:image:width\" content=\"1501\" \/>\n\t<meta property=\"og:image:height\" content=\"451\" \/>\n\t<meta property=\"og:image:type\" content=\"image\/png\" \/>\n<meta name=\"twitter:card\" content=\"summary_large_image\" \/>\n<meta name=\"twitter:label1\" content=\"Tiempo de lectura\" \/>\n\t<meta name=\"twitter:data1\" content=\"6 minutos\" \/>\n<script type=\"application\/ld+json\" class=\"yoast-schema-graph\">{\"@context\":\"https:\/\/schema.org\",\"@graph\":[{\"@type\":\"Organization\",\"@id\":\"https:\/\/www.strategicminerals.com\/#organization\",\"name\":\"Strategic Minerals Europe Corp.\",\"url\":\"https:\/\/www.strategicminerals.com\/\",\"sameAs\":[\"https:\/\/www.linkedin.com\/company\/strategic-minerals-spain\/\",\"https:\/\/www.facebook.com\/strategicmineralsspain\/\"],\"logo\":{\"@type\":\"ImageObject\",\"inLanguage\":\"es\",\"@id\":\"https:\/\/www.strategicminerals.com\/#\/schema\/logo\/image\/\",\"url\":\"https:\/\/www.strategicminerals.com\/wp-content\/uploads\/2022\/02\/SME-logotipo-pos.png\",\"contentUrl\":\"https:\/\/www.strategicminerals.com\/wp-content\/uploads\/2022\/02\/SME-logotipo-pos.png\",\"width\":1501,\"height\":451,\"caption\":\"Strategic Minerals Europe Corp.\"},\"image\":{\"@id\":\"https:\/\/www.strategicminerals.com\/#\/schema\/logo\/image\/\"}},{\"@type\":\"WebSite\",\"@id\":\"https:\/\/www.strategicminerals.com\/#website\",\"url\":\"https:\/\/www.strategicminerals.com\/\",\"name\":\"Strategic Minerals\",\"description\":\"Miner\u00eda responsable y sostenible\",\"publisher\":{\"@id\":\"https:\/\/www.strategicminerals.com\/#organization\"},\"potentialAction\":[{\"@type\":\"SearchAction\",\"target\":{\"@type\":\"EntryPoint\",\"urlTemplate\":\"https:\/\/www.strategicminerals.com\/?s={search_term_string}\"},\"query-input\":\"required name=search_term_string\"}],\"inLanguage\":\"es\"},{\"@type\":\"WebPage\",\"@id\":\"https:\/\/www.strategicminerals.com\/es\/avisoppt\/#webpage\",\"url\":\"https:\/\/www.strategicminerals.com\/es\/avisoppt\/\",\"name\":\"Aviso legal | Strategic Minerals\",\"isPartOf\":{\"@id\":\"https:\/\/www.strategicminerals.com\/#website\"},\"datePublished\":\"2022-06-03T05:53:15+00:00\",\"dateModified\":\"2022-07-20T08:00:38+00:00\",\"description\":\"Descubre toda la informaci\u00f3n disponible en nuestra web. No dudes en contactar con nosotros para cualquier duda o informaci\u00f3n.\",\"breadcrumb\":{\"@id\":\"https:\/\/www.strategicminerals.com\/es\/avisoppt\/#breadcrumb\"},\"inLanguage\":\"es\",\"potentialAction\":[{\"@type\":\"ReadAction\",\"target\":[\"https:\/\/www.strategicminerals.com\/es\/avisoppt\/\"]}]},{\"@type\":\"BreadcrumbList\",\"@id\":\"https:\/\/www.strategicminerals.com\/es\/avisoppt\/#breadcrumb\",\"itemListElement\":[{\"@type\":\"ListItem\",\"position\":1,\"name\":\"Home\",\"item\":\"https:\/\/www.strategicminerals.com\/es\/\"},{\"@type\":\"ListItem\",\"position\":2,\"name\":\"Aviso legal\"}]}]}<\/script>\n<!-- \/ Yoast SEO plugin. -->","yoast_head_json":{"title":"Aviso legal | Strategic Minerals","description":"Descubre toda la informaci\u00f3n disponible en nuestra web. No dudes en contactar con nosotros para cualquier duda o informaci\u00f3n.","robots":{"index":"noindex","follow":"follow"},"og_locale":"es_ES","og_type":"article","og_title":"Aviso legal | Strategic Minerals","og_description":"Descubre toda la informaci\u00f3n disponible en nuestra web. No dudes en contactar con nosotros para cualquier duda o informaci\u00f3n.","og_url":"https:\/\/www.strategicminerals.com\/es\/avisoppt\/","og_site_name":"Strategic Minerals","article_publisher":"https:\/\/www.facebook.com\/strategicmineralsspain\/","article_modified_time":"2022-07-20T08:00:38+00:00","og_image":[{"width":1501,"height":451,"url":"https:\/\/www.strategicminerals.com\/wp-content\/uploads\/2022\/02\/SME-logotipo-pos.png","type":"image\/png"}],"twitter_card":"summary_large_image","twitter_misc":{"Tiempo de lectura":"6 minutos"},"schema":{"@context":"https:\/\/schema.org","@graph":[{"@type":"Organization","@id":"https:\/\/www.strategicminerals.com\/#organization","name":"Strategic Minerals Europe Corp.","url":"https:\/\/www.strategicminerals.com\/","sameAs":["https:\/\/www.linkedin.com\/company\/strategic-minerals-spain\/","https:\/\/www.facebook.com\/strategicmineralsspain\/"],"logo":{"@type":"ImageObject","inLanguage":"es","@id":"https:\/\/www.strategicminerals.com\/#\/schema\/logo\/image\/","url":"https:\/\/www.strategicminerals.com\/wp-content\/uploads\/2022\/02\/SME-logotipo-pos.png","contentUrl":"https:\/\/www.strategicminerals.com\/wp-content\/uploads\/2022\/02\/SME-logotipo-pos.png","width":1501,"height":451,"caption":"Strategic Minerals Europe Corp."},"image":{"@id":"https:\/\/www.strategicminerals.com\/#\/schema\/logo\/image\/"}},{"@type":"WebSite","@id":"https:\/\/www.strategicminerals.com\/#website","url":"https:\/\/www.strategicminerals.com\/","name":"Strategic Minerals","description":"Miner\u00eda responsable y sostenible","publisher":{"@id":"https:\/\/www.strategicminerals.com\/#organization"},"potentialAction":[{"@type":"SearchAction","target":{"@type":"EntryPoint","urlTemplate":"https:\/\/www.strategicminerals.com\/?s={search_term_string}"},"query-input":"required name=search_term_string"}],"inLanguage":"es"},{"@type":"WebPage","@id":"https:\/\/www.strategicminerals.com\/es\/avisoppt\/#webpage","url":"https:\/\/www.strategicminerals.com\/es\/avisoppt\/","name":"Aviso legal | Strategic Minerals","isPartOf":{"@id":"https:\/\/www.strategicminerals.com\/#website"},"datePublished":"2022-06-03T05:53:15+00:00","dateModified":"2022-07-20T08:00:38+00:00","description":"Descubre toda la informaci\u00f3n disponible en nuestra web. No dudes en contactar con nosotros para cualquier duda o informaci\u00f3n.","breadcrumb":{"@id":"https:\/\/www.strategicminerals.com\/es\/avisoppt\/#breadcrumb"},"inLanguage":"es","potentialAction":[{"@type":"ReadAction","target":["https:\/\/www.strategicminerals.com\/es\/avisoppt\/"]}]},{"@type":"BreadcrumbList","@id":"https:\/\/www.strategicminerals.com\/es\/avisoppt\/#breadcrumb","itemListElement":[{"@type":"ListItem","position":1,"name":"Home","item":"https:\/\/www.strategicminerals.com\/es\/"},{"@type":"ListItem","position":2,"name":"Aviso legal"}]}]}},"_links":{"self":[{"href":"https:\/\/www.strategicminerals.com\/es\/wp-json\/wp\/v2\/pages\/1759","targetHints":{"allow":["GET"]}}],"collection":[{"href":"https:\/\/www.strategicminerals.com\/es\/wp-json\/wp\/v2\/pages"}],"about":[{"href":"https:\/\/www.strategicminerals.com\/es\/wp-json\/wp\/v2\/types\/page"}],"author":[{"embeddable":true,"href":"https:\/\/www.strategicminerals.com\/es\/wp-json\/wp\/v2\/users\/1"}],"replies":[{"embeddable":true,"href":"https:\/\/www.strategicminerals.com\/es\/wp-json\/wp\/v2\/comments?post=1759"}],"version-history":[{"count":2,"href":"https:\/\/www.strategicminerals.com\/es\/wp-json\/wp\/v2\/pages\/1759\/revisions"}],"predecessor-version":[{"id":1819,"href":"https:\/\/www.strategicminerals.com\/es\/wp-json\/wp\/v2\/pages\/1759\/revisions\/1819"}],"wp:attachment":[{"href":"https:\/\/www.strategicminerals.com\/es\/wp-json\/wp\/v2\/media?parent=1759"}],"curies":[{"name":"wp","href":"https:\/\/api.w.org\/{rel}","templated":true}]}}