{"id":207,"date":"2022-03-08T18:37:57","date_gmt":"2022-03-08T17:37:57","guid":{"rendered":"https:\/\/www.strategicminerals.com\/?page_id=207"},"modified":"2023-04-27T12:01:18","modified_gmt":"2023-04-27T10:01:18","slug":"sostenibilidad","status":"publish","type":"page","link":"https:\/\/www.strategicminerals.com\/es\/sostenibilidad\/","title":{"rendered":"Sostenibilidad"},"content":{"rendered":"<p>[vc_row foundry_background_style=\u00bbbg-dark\u00bb foundry_padding=\u00bbpt64 pb64&#8243; foundry_parallax=\u00bbnot-parallax\u00bb css=\u00bb.vc_custom_1651767752529{background-image: url(https:\/\/www.strategicminerals.com\/wp-content\/uploads\/2022\/05\/cabecera-sostenible-scaled.jpg?id=1103) !important;background-position: center !important;background-repeat: no-repeat !important;background-size: cover !important;}\u00bb][vc_column][vc_column_text]<\/p>\n<h1 style=\"text-align: center;\"><strong>Sostenibilidad<\/strong><\/h1>\n<p>[\/vc_column_text][\/vc_column][\/vc_row][vc_row foundry_padding=\u00bbpb0&#8243; el_class=\u00bbsostenibilidad\u00bb el_id=\u00bbods\u00bb][vc_column][vc_column_text]<\/p>\n<p class=\"sup\" style=\"text-align: center;\">Sostenibilidad<\/p>\n<h2 style=\"text-align: center;\"><strong>Objetivos de desarrollo sostenible<\/strong><\/h2>\n<p>[\/vc_column_text][vc_row_inner content_placement=\u00bbmiddle\u00bb][vc_column_inner width=\u00bb1\/2&#8243;][vc_single_image image=\u00bb1081&#8243; img_size=\u00bbfull\u00bb alignment=\u00bbcenter\u00bb][\/vc_column_inner][vc_column_inner width=\u00bb1\/2&#8243;][vc_column_text]<strong>Strategic Minerals Europe<\/strong> asume el compromiso de desarrollar la totalidad de objetivos sostenibles de Naciones Unidas contemplados en la Agenda 2030, expresamente los puntos: 5 (igualdad de g\u00e9nero), 7 (energ\u00eda asequible y no contaminante), 8 (trabajo decente y crecimiento econ\u00f3mico), 11 (ciudades y comunidad sostenible) y 15 (vida de ecosistemas terrestres).[\/vc_column_text][\/vc_column_inner][\/vc_row_inner][\/vc_column][\/vc_row][vc_row foundry_padding=\u00bbpb0&#8243; el_class=\u00bbsostenibilidad\u00bb el_id=\u00bbresponsable\u00bb][vc_column width=\u00bb1\/3&#8243; offset=\u00bbvc_col-lg-offset-4&#8243;][vc_column_text]<\/p>\n<p class=\"sup\" style=\"text-align: center;\">Sostenibilidad<\/p>\n<h2 style=\"text-align: center;\"><strong>Socialmente Responsable y Sostenible<\/strong><\/h2>\n<p>[\/vc_column_text][\/vc_column][\/vc_row][vc_row foundry_padding=\u00bbpt0&#8243; el_class=\u00bbsostenibilidad\u00bb][vc_column][vc_row_inner][vc_column_inner width=\u00bb1\/2&#8243;][vc_column_text]La sostenibilidad es un valor esencial de la filosof\u00eda empresarial de Strategic Minerals Europe que desarrolla sus actividades apostando por una <strong>miner\u00eda sostenible<\/strong> desde un triple compromiso: ambiental, social y de seguridad laboral.<\/p>\n<p>Desarrollar su actividad en base a una miner\u00eda sostenible implica que los residuos abandonados se revalorizan creando beneficios econ\u00f3micos, ambientales y sociales en el marco de la <strong>econom\u00eda circular<\/strong>.[\/vc_column_text][vc_column_text]<\/p>\n<h2 style=\"text-align: left;\">Hemos sido reconocidos dentro de la Uni\u00f3n Europea como una empresa con un proyecto ejemplar de buenas pr\u00e1cticas en el marco de la econom\u00eda circular<\/h2>\n<p>[\/vc_column_text][\/vc_column_inner][vc_column_inner width=\u00bb1\/2&#8243;][vc_single_image image=\u00bb1696&#8243; img_size=\u00bbfull\u00bb][\/vc_column_inner][\/vc_row_inner][\/vc_column][\/vc_row][vc_row foundry_background_style=\u00bbbg-secondary\u00bb foundry_padding=\u00bbpt64 pb64&#8243; el_id=\u00bbmedioambiente\u00bb el_class=\u00bbsostenibilidad\u00bb][vc_column][vc_column_text]<\/p>\n<p class=\"sup\" style=\"text-align: center;\">Sostenibilidad<\/p>\n<h2 style=\"text-align: center;\"><strong>Respeto medioambiental<\/strong><\/h2>\n<p>[\/vc_column_text][vc_row_inner][vc_column_inner width=\u00bb1\/2&#8243;][vc_images_carousel images=\u00bb1083,834,830,816,824&#8243; img_size=\u00bbfull\u00bb onclick=\u00bblink_no\u00bb speed=\u00bb3000&#8243; autoplay=\u00bbyes\u00bb][\/vc_column_inner][vc_column_inner width=\u00bb1\/2&#8243;][vc_column_text]<strong>Prevenir el da\u00f1o ambiental<\/strong> y velar por la <strong>protecci\u00f3n y rehabilitaci\u00f3n ambiental<\/strong> de los lugares en los que opera son los principales objetivos de Strategic Minerals Europe. De ah\u00ed que la compa\u00f1\u00eda cumpla en todos sus proyectos con la normativa ambiental de aplicaci\u00f3n.<\/p>\n<p><strong>Strategic Minerals<\/strong> para lograr la reducci\u00f3n o eliminaci\u00f3n de los impactos, realiz\u00f3 estudios preoperacionales que actualmente permiten a la Compa\u00f1\u00eda conocer con exactitud el entorno en el que realiza sus actividades y poder as\u00ed prevenir la afecci\u00f3n ambiental, y actuar, en su caso, para su eliminaci\u00f3n o minimizaci\u00f3n.<\/p>\n<p>Asimismo, opta por el <strong>uso sostenible de los recursos<\/strong> (recursos geol\u00f3gicos, ambientales, agua, energ\u00eda) la eficiencia energ\u00e9tica, la correcta gesti\u00f3n de residuos y la aplicaci\u00f3n de las mejores t\u00e9cnicas disponibles y equipos m\u00e1s eficientes.<\/p>\n<p>El conocimiento y respeto de car\u00e1cter ambiental se incorpora en la compa\u00f1\u00eda mediante actividades formativas e informativas, tanto para los trabajadores propios como para los trabajadores de otras compa\u00f1\u00edas contratadas.<\/p>\n<p>La gesti\u00f3n ambiental dentro de la organizaci\u00f3n sigue la <strong>pol\u00edtica de mejora continua de Strategic Minerals Europe<\/strong>.[\/vc_column_text][\/vc_column_inner][\/vc_row_inner][\/vc_column][\/vc_row][vc_row foundry_background_style=\u00bbbg-secondary\u00bb foundry_padding=\u00bbpt0&#8243; el_class=\u00bbsostenibilidad\u00bb][vc_column el_class=\u00bbcol-cuadro\u00bb][vc_column_text]<\/p>\n<h3 style=\"text-align: center;\"><strong>Aplicamos un riguroso control ambiental<\/strong><\/h3>\n<p>[\/vc_column_text][vc_row_inner][vc_column_inner width=\u00bb1\/3&#8243; offset=\u00bbvc_col-lg-offset-2 vc_col-md-offset-2&#8243;][vc_column_text]<\/p>\n<p class=\"sup\" style=\"text-align: center;\"><a class=\"btn\" href=\"\/wp-content\/uploads\/2022\/04\/Politica-de-mejora-continua.pdf\" target=\"_blank\" rel=\"noopener\">Pol\u00edtica de mejora continua<\/a><\/p>\n<p>[\/vc_column_text][\/vc_column_inner][vc_column_inner width=\u00bb1\/3&#8243;][vc_column_text]<\/p>\n<p class=\"sup\" style=\"text-align: center;\"><a class=\"btn\" href=\"\/wp-content\/uploads\/2022\/10\/MG-01-Poli\u0301tica-SMS-rev01-reducida.pdf\" target=\"_blank\" rel=\"noopener\">Pol\u00edtica de sostenibilidad<\/a><\/p>\n<p>[\/vc_column_text][\/vc_column_inner][\/vc_row_inner][\/vc_column][\/vc_row][vc_row foundry_padding=\u00bbpt64 pb64&#8243; el_id=\u00bbcolaboracion\u00bb el_class=\u00bbsostenibilidad\u00bb][vc_column][vc_column_text]<\/p>\n<p class=\"sup\" style=\"text-align: center;\">Sostenibilidad<\/p>\n<h2 style=\"text-align: center;\"><strong>Colaboraci\u00f3n social<\/strong><\/h2>\n<p>[\/vc_column_text][vc_row_inner][vc_column_inner width=\u00bb1\/2&#8243;][vc_column_text]El <strong>compromiso social<\/strong> es otro de los pilares de la pol\u00edtica de sostenibilidad de Strategic Minerals Europe que genera valor empresarial a trav\u00e9s de un <strong>comportamiento \u00e9tico y socialmente responsable<\/strong>.<\/p>\n<p>Para ello la compa\u00f1\u00eda eval\u00faa las necesidades locales, promueve el empleo, la participaci\u00f3n de la comunidad y crea alianzas con grupos de inter\u00e9s en las zonas en las que desarrolla su actividad.<\/p>\n<p>Strategic Minerals Europe\u00a0pretende adem\u00e1s ser un referente en cuanto a la <strong>inclusi\u00f3n sociolaboral<\/strong>, apostando por la inclusi\u00f3n de personas con capacidades diferentes en el sistema laboral para que puedan tener oportunidades laborales en los \u00e1mbitos que se barajan en la empresa.[\/vc_column_text][vc_column_text]<\/p>\n<h3 style=\"text-align: left;\"><strong>Generamos valor empresarial a trav\u00e9s de un comportamiento \u00e9tico y socialmente responsable<\/strong><\/h3>\n<p>[\/vc_column_text][\/vc_column_inner][vc_column_inner width=\u00bb1\/2&#8243;][vc_images_carousel images=\u00bb1089,1091&#8243; img_size=\u00bbfull\u00bb onclick=\u00bblink_no\u00bb speed=\u00bb3000&#8243; autoplay=\u00bbyes\u00bb][\/vc_column_inner][\/vc_row_inner][\/vc_column][\/vc_row][vc_row foundry_padding=\u00bbpt0&#8243; el_class=\u00bbsostenibilidad\u00bb][vc_column][vc_column_text]<\/p>\n<h2 class=\"sup\" style=\"text-align: center;\">Principales hitos<\/h2>\n<p>[\/vc_column_text][vc_row_inner equal_height=\u00bbyes\u00bb content_placement=\u00bbmiddle\u00bb el_class=\u00bbfila-grafica\u00bb][vc_column_inner el_class=\u00bbcol-grafica\u00bb width=\u00bb1\/2&#8243;][vc_column_text el_class=\u00bbnumero-sost\u00bb]01.[\/vc_column_text][vc_column_text]Suscribi\u00f3 en mayo de 2016 un convenio de colaboraci\u00f3n con el Ayuntamiento de Viana do Bolo, del que forma parte el recinto minero de Penouta, con el que se compromete a la promoci\u00f3n de puestos de trabajo en la Mina de Penouta de los vecinos del municipio, as\u00ed como a promover la realizaci\u00f3n de contratos de servicio con las empresas locales para el abastecimiento de las necesidades de la mina.[\/vc_column_text][\/vc_column_inner][vc_column_inner el_class=\u00bbcol-grafica\u00bb width=\u00bb1\/2&#8243;][vc_column_text el_class=\u00bbnumero-sost\u00bb]02.[\/vc_column_text][vc_column_text]En el contrato de arrendamiento suscrito con la Comunidad de Montes propietaria de los terrenos en los que se asienta la mina, Strategic Minerals se compromete a la contrataci\u00f3n de la gente del entorno.[\/vc_column_text][\/vc_column_inner][\/vc_row_inner][vc_row_inner equal_height=\u00bbyes\u00bb content_placement=\u00bbmiddle\u00bb el_class=\u00bbfila-grafica\u00bb][vc_column_inner el_class=\u00bbcol-grafica\u00bb width=\u00bb1\/2&#8243;][vc_column_text el_class=\u00bbnumero-sost\u00bb]03.[\/vc_column_text][vc_column_text]En los contratos que se suscriben con las diferentes empresas que realizan de forma estable trabajos dentro del recinto minero, ya sean de la zona, ya sean de fuera, se acuerda por contrato, que al menos un 30% de las personas a emplear sean del entorno.[\/vc_column_text][\/vc_column_inner][vc_column_inner el_class=\u00bbcol-grafica\u00bb width=\u00bb1\/2&#8243;][vc_column_text el_class=\u00bbnumero-sost\u00bb]04.[\/vc_column_text][vc_column_text]Muestra de dichos compromisos actualmente el 82% de los trabajadores son de la provincia de Ourense, de los cuales el 75% son del Ayuntamiento de Viana. Y, de los empleados de las empresas de servicios, el 70 % son del Ayuntamiento de Viana y entorno inmediato de la mina.[\/vc_column_text][\/vc_column_inner][\/vc_row_inner][\/vc_column][\/vc_row][vc_row foundry_background_style=\u00bbbg-secondary\u00bb foundry_padding=\u00bbpt64 pb64&#8243; el_id=\u00bbetica\u00bb el_class=\u00bbsostenibilidad\u00bb][vc_column][vc_column_text]<\/p>\n<p class=\"sup\" style=\"text-align: center;\">Sostenibilidad<\/p>\n<h2 style=\"text-align: center;\"><strong>\u00c9tica y transparencia<\/strong><\/h2>\n<p>[\/vc_column_text][vc_row_inner][vc_column_inner width=\u00bb1\/2&#8243;][vc_single_image image=\u00bb1095&#8243; img_size=\u00bbfull\u00bb][\/vc_column_inner][vc_column_inner width=\u00bb1\/2&#8243;][vc_column_text]Las actuaciones de Strategic Minerals Europe se asientan en los valores de la empresa: \u00e9tica, transparencia, excelencia, di\u00e1logo, confianza, compromiso con el desarrollo sostenible y la b\u00fasqueda de los m\u00e1ximos est\u00e1ndares de seguridad y calidad en todos sus proyectos, que a su vez conforman el C\u00f3digo de Conducta de la compa\u00f1\u00eda.[\/vc_column_text][vc_column_text]Es este C\u00f3digo de Conducta el que marca las l\u00edneas de comunicaci\u00f3n de la empresa tanto interna, entre la direcci\u00f3n y su personal, como de manera externa:<\/p>\n<ul>\n<li>Transparencia, que se refleja en la claridad con la que la organizaci\u00f3n expone los resultados de su gesti\u00f3n a los distintos grupos de inter\u00e9s.<\/li>\n<li>Un buen gobierno corporativo que vela por una correcta administraci\u00f3n de los recursos.<\/li>\n<li>La participaci\u00f3n de socios y trabajadores.<\/li>\n<\/ul>\n<p>[\/vc_column_text][vc_column_text]<\/p>\n<p style=\"text-align: center;\"><a class=\"btn\" href=\"https:\/\/www.strategicminerals.com\/wp-content\/uploads\/2023\/04\/SNTA-Code-of-Business-Conduct-and-Ethics.pdf\" target=\"_blank\" rel=\"noopener\">C\u00f3digo de conducta<\/a><\/p>\n<p>[\/vc_column_text][\/vc_column_inner][\/vc_row_inner][\/vc_column][\/vc_row][vc_row foundry_padding=\u00bbpt64 pb64&#8243; el_id=\u00bbcompromiso\u00bb el_class=\u00bbsostenibilidad\u00bb][vc_column][vc_column_text]<\/p>\n<p class=\"sup\" style=\"text-align: center;\">Sostenibilidad<\/p>\n<h2 style=\"text-align: center;\"><strong>Compromiso con la seguridad laboral<\/strong><\/h2>\n<p>[\/vc_column_text][vc_row_inner][vc_column_inner el_class=\u00bbsost-modal\u00bb width=\u00bb1\/2&#8243;][vc_column_text]La <strong>Prevenci\u00f3n de Riesgos Laborales<\/strong> es para\u00a0<strong>Strategic Minerals Europe<\/strong>\u00a0una de las premisas b\u00e1sicas en el desarrollo diario de sus actividades.<\/p>\n<p>Su prioridad es proteger a las personas, haciendo extensible la gesti\u00f3n de la seguridad y salud a empleados, contratistas, colaboradores y visitantes de sus lugares de trabajo, invirtiendo en el bienestar de todos ellos.<\/p>\n<p>La compa\u00f1\u00eda apuesta as\u00ed por una <strong>Gesti\u00f3n de la Seguridad<\/strong>\u00a0con un enfoque integrado que incluye un sistema efectivo de gesti\u00f3n en base a criterios de: compromiso de la direcci\u00f3n, cumplimiento estricto de la normativa, identificaci\u00f3n, evaluaci\u00f3n y gesti\u00f3n de todos los riesgos, prevenci\u00f3n de accidentes y enfermedades profesionales, formaci\u00f3n continua y buena comunicaci\u00f3n.<\/p>\n<p>La\u00a0<strong>gesti\u00f3n de seguridad y salud<\/strong>\u00a0dentro de la organizaci\u00f3n sigue la\u00a0<strong>pol\u00edtica de mejora de continua<\/strong>\u00a0de Strategic Minerals Europa.[\/vc_column_text][vc_column_text]Para facilitar esta labor, la empresa pone a disposici\u00f3n de sus contratas una <strong>Oficina de Coordinaci\u00f3n de Actividades Empresariales<\/strong> de manera que puedan desarrollar esta tramitaci\u00f3n imprescindible para acceder a las instalaciones y realizar los trabajos en cumplimiento de todas las medidas de seguridad y documentaci\u00f3n relacionada. En caso de necesitar alguna consulta, escribir a:[\/vc_column_text]<div class=\"modal-container text-left\"><a class=\"btn btn-lg btn-modal\" href=\"#\" modal-link=\"6523\"><i class=\"\"><\/i> Cont\u00e1ctanos<\/a><\/div>[vc_column_text]<\/p>\n<h3 style=\"text-align: left;\"><strong>Cero accidentes como prioridad de nuestra cultura de seguridad<\/strong><\/h3>\n<p>[\/vc_column_text][\/vc_column_inner][vc_column_inner width=\u00bb1\/2&#8243;][vc_single_image image=\u00bb1097&#8243; img_size=\u00bbfull\u00bb][\/vc_column_inner][\/vc_row_inner][\/vc_column][\/vc_row][vc_row foundry_background_style=\u00bbbg-primary\u00bb foundry_padding=\u00bbpt64 pb64&#8243; el_id=\u00bbreconocimientos\u00bb el_class=\u00bbsostenibilidad\u00bb][vc_column][vc_row_inner equal_height=\u00bbyes\u00bb content_placement=\u00bbmiddle\u00bb][vc_column_inner width=\u00bb1\/2&#8243; offset=\u00bbvc_col-lg-offset-3&#8243;][vc_column_text]<\/p>\n<p class=\"sup\" style=\"text-align: center;\">Sostenibilidad<\/p>\n<h2 style=\"text-align: center;\"><strong>Reconocimientos<\/strong><\/h2>\n<p style=\"text-align: center;\">En el corto tiempo que la empresa lleva de actividad ha recibido distintos reconocimientos:<\/p>\n<p>[\/vc_column_text][vc_column_text]<\/p>\n<p style=\"text-align: center;\"><a class=\"btn\" href=\"\/es\/reconocimientos\" target=\"_blank\" rel=\"noopener\">Ver reconocimientos<\/a><\/p>\n<p>[\/vc_column_text][\/vc_column_inner][\/vc_row_inner][\/vc_column][\/vc_row]<\/p>\n","protected":false},"excerpt":{"rendered":"<p>[vc_row foundry_background_style=\u00bbbg-dark\u00bb foundry_padding=\u00bbpt64 pb64&#8243; foundry_parallax=\u00bbnot-parallax\u00bb css=\u00bb.vc_custom_1651767752529{background-image: url(https:\/\/www.strategicminerals.com\/wp-content\/uploads\/2022\/05\/cabecera-sostenible-scaled.jpg?id=1103) !important;background-position: center !important;background-repeat: no-repeat !important;background-size: cover !important;}\u00bb][vc_column][vc_column_text] Sostenibilidad [\/vc_column_text][\/vc_column][\/vc_row][vc_row foundry_padding=\u00bbpb0&#8243; el_class=\u00bbsostenibilidad\u00bb el_id=\u00bbods\u00bb][vc_column][vc_column_text] Sostenibilidad Objetivos&#8230;<\/p>\n","protected":false},"author":1,"featured_media":0,"parent":0,"menu_order":0,"comment_status":"closed","ping_status":"closed","template":"","meta":{"footnotes":"","_links_to":"","_links_to_target":""},"class_list":["post-207","page","type-page","status-publish","hentry"],"yoast_head":"<!-- This site is optimized with the Yoast SEO plugin v19.0 - https:\/\/yoast.com\/wordpress\/plugins\/seo\/ -->\n<title>Sostenibilidad | Strategic Minerals<\/title>\n<meta name=\"description\" content=\"La sostenibilidad es un valor esencial en la filosof\u00eda empresarial de Strategic Minerals Europe\" \/>\n<meta name=\"robots\" content=\"index, follow, max-snippet:-1, max-image-preview:large, max-video-preview:-1\" \/>\n<link rel=\"canonical\" href=\"https:\/\/www.strategicminerals.com\/es\/sostenibilidad\/\" \/>\n<meta property=\"og:locale\" content=\"es_ES\" \/>\n<meta property=\"og:type\" content=\"article\" \/>\n<meta property=\"og:title\" content=\"Strategic Minerals | Sostenibilidad\" \/>\n<meta property=\"og:description\" content=\"La sostenibilidad es un valor esencial en la filosof\u00eda empresarial de Strategic Minerals Europe\" \/>\n<meta property=\"og:url\" content=\"https:\/\/www.strategicminerals.com\/es\/sostenibilidad\/\" \/>\n<meta property=\"og:site_name\" content=\"Strategic Minerals\" \/>\n<meta property=\"article:publisher\" content=\"https:\/\/www.facebook.com\/strategicmineralsspain\/\" \/>\n<meta property=\"article:modified_time\" content=\"2023-04-27T10:01:18+00:00\" \/>\n<meta property=\"og:image\" content=\"https:\/\/www.strategicminerals.com\/wp-content\/uploads\/2022\/05\/arboles-2.jpg\" \/>\n\t<meta property=\"og:image:width\" content=\"2401\" \/>\n\t<meta property=\"og:image:height\" content=\"1261\" \/>\n\t<meta property=\"og:image:type\" content=\"image\/jpeg\" \/>\n<meta name=\"twitter:card\" content=\"summary_large_image\" \/>\n<meta name=\"twitter:title\" content=\"Strategic Minerals | Sostenibilidad\" \/>\n<meta name=\"twitter:description\" content=\"La sostenibilidad es un valor esencial en la filosof\u00eda empresarial de Strategic Minerals Europe\" \/>\n<meta name=\"twitter:image\" content=\"https:\/\/www.strategicminerals.com\/wp-content\/uploads\/2022\/05\/arboles-2.jpg\" \/>\n<meta name=\"twitter:label1\" content=\"Tiempo de lectura\" \/>\n\t<meta name=\"twitter:data1\" content=\"5 minutos\" \/>\n<script type=\"application\/ld+json\" class=\"yoast-schema-graph\">{\"@context\":\"https:\/\/schema.org\",\"@graph\":[{\"@type\":\"Organization\",\"@id\":\"https:\/\/www.strategicminerals.com\/#organization\",\"name\":\"Strategic Minerals Europe Corp.\",\"url\":\"https:\/\/www.strategicminerals.com\/\",\"sameAs\":[\"https:\/\/www.linkedin.com\/company\/strategic-minerals-spain\/\",\"https:\/\/www.facebook.com\/strategicmineralsspain\/\"],\"logo\":{\"@type\":\"ImageObject\",\"inLanguage\":\"es\",\"@id\":\"https:\/\/www.strategicminerals.com\/#\/schema\/logo\/image\/\",\"url\":\"https:\/\/www.strategicminerals.com\/wp-content\/uploads\/2022\/02\/SME-logotipo-pos.png\",\"contentUrl\":\"https:\/\/www.strategicminerals.com\/wp-content\/uploads\/2022\/02\/SME-logotipo-pos.png\",\"width\":1501,\"height\":451,\"caption\":\"Strategic Minerals Europe Corp.\"},\"image\":{\"@id\":\"https:\/\/www.strategicminerals.com\/#\/schema\/logo\/image\/\"}},{\"@type\":\"WebSite\",\"@id\":\"https:\/\/www.strategicminerals.com\/#website\",\"url\":\"https:\/\/www.strategicminerals.com\/\",\"name\":\"Strategic Minerals\",\"description\":\"Miner\u00eda responsable y sostenible\",\"publisher\":{\"@id\":\"https:\/\/www.strategicminerals.com\/#organization\"},\"potentialAction\":[{\"@type\":\"SearchAction\",\"target\":{\"@type\":\"EntryPoint\",\"urlTemplate\":\"https:\/\/www.strategicminerals.com\/?s={search_term_string}\"},\"query-input\":\"required name=search_term_string\"}],\"inLanguage\":\"es\"},{\"@type\":\"ImageObject\",\"inLanguage\":\"es\",\"@id\":\"https:\/\/www.strategicminerals.com\/es\/sostenibilidad\/#primaryimage\",\"url\":\"https:\/\/www.strategicminerals.com\/wp-content\/uploads\/2022\/05\/arboles-2.jpg\",\"contentUrl\":\"https:\/\/www.strategicminerals.com\/wp-content\/uploads\/2022\/05\/arboles-2.jpg\",\"width\":2401,\"height\":1261,\"caption\":\"Plantaci\u00f3n de \u00e1rboles\"},{\"@type\":\"WebPage\",\"@id\":\"https:\/\/www.strategicminerals.com\/es\/sostenibilidad\/#webpage\",\"url\":\"https:\/\/www.strategicminerals.com\/es\/sostenibilidad\/\",\"name\":\"Sostenibilidad | Strategic Minerals\",\"isPartOf\":{\"@id\":\"https:\/\/www.strategicminerals.com\/#website\"},\"primaryImageOfPage\":{\"@id\":\"https:\/\/www.strategicminerals.com\/es\/sostenibilidad\/#primaryimage\"},\"datePublished\":\"2022-03-08T17:37:57+00:00\",\"dateModified\":\"2023-04-27T10:01:18+00:00\",\"description\":\"La sostenibilidad es un valor esencial en la filosof\u00eda empresarial de Strategic Minerals Europe\",\"breadcrumb\":{\"@id\":\"https:\/\/www.strategicminerals.com\/es\/sostenibilidad\/#breadcrumb\"},\"inLanguage\":\"es\",\"potentialAction\":[{\"@type\":\"ReadAction\",\"target\":[\"https:\/\/www.strategicminerals.com\/es\/sostenibilidad\/\"]}]},{\"@type\":\"BreadcrumbList\",\"@id\":\"https:\/\/www.strategicminerals.com\/es\/sostenibilidad\/#breadcrumb\",\"itemListElement\":[{\"@type\":\"ListItem\",\"position\":1,\"name\":\"Home\",\"item\":\"https:\/\/www.strategicminerals.com\/es\/\"},{\"@type\":\"ListItem\",\"position\":2,\"name\":\"Sostenibilidad\"}]}]}<\/script>\n<!-- \/ Yoast SEO plugin. -->","yoast_head_json":{"title":"Sostenibilidad | Strategic Minerals","description":"La sostenibilidad es un valor esencial en la filosof\u00eda empresarial de Strategic Minerals Europe","robots":{"index":"index","follow":"follow","max-snippet":"max-snippet:-1","max-image-preview":"max-image-preview:large","max-video-preview":"max-video-preview:-1"},"canonical":"https:\/\/www.strategicminerals.com\/es\/sostenibilidad\/","og_locale":"es_ES","og_type":"article","og_title":"Strategic Minerals | Sostenibilidad","og_description":"La sostenibilidad es un valor esencial en la filosof\u00eda empresarial de Strategic Minerals Europe","og_url":"https:\/\/www.strategicminerals.com\/es\/sostenibilidad\/","og_site_name":"Strategic Minerals","article_publisher":"https:\/\/www.facebook.com\/strategicmineralsspain\/","article_modified_time":"2023-04-27T10:01:18+00:00","og_image":[{"width":2401,"height":1261,"url":"https:\/\/www.strategicminerals.com\/wp-content\/uploads\/2022\/05\/arboles-2.jpg","type":"image\/jpeg"}],"twitter_card":"summary_large_image","twitter_title":"Strategic Minerals | Sostenibilidad","twitter_description":"La sostenibilidad es un valor esencial en la filosof\u00eda empresarial de Strategic Minerals Europe","twitter_image":"https:\/\/www.strategicminerals.com\/wp-content\/uploads\/2022\/05\/arboles-2.jpg","twitter_misc":{"Tiempo de lectura":"5 minutos"},"schema":{"@context":"https:\/\/schema.org","@graph":[{"@type":"Organization","@id":"https:\/\/www.strategicminerals.com\/#organization","name":"Strategic Minerals Europe Corp.","url":"https:\/\/www.strategicminerals.com\/","sameAs":["https:\/\/www.linkedin.com\/company\/strategic-minerals-spain\/","https:\/\/www.facebook.com\/strategicmineralsspain\/"],"logo":{"@type":"ImageObject","inLanguage":"es","@id":"https:\/\/www.strategicminerals.com\/#\/schema\/logo\/image\/","url":"https:\/\/www.strategicminerals.com\/wp-content\/uploads\/2022\/02\/SME-logotipo-pos.png","contentUrl":"https:\/\/www.strategicminerals.com\/wp-content\/uploads\/2022\/02\/SME-logotipo-pos.png","width":1501,"height":451,"caption":"Strategic Minerals Europe Corp."},"image":{"@id":"https:\/\/www.strategicminerals.com\/#\/schema\/logo\/image\/"}},{"@type":"WebSite","@id":"https:\/\/www.strategicminerals.com\/#website","url":"https:\/\/www.strategicminerals.com\/","name":"Strategic Minerals","description":"Miner\u00eda responsable y sostenible","publisher":{"@id":"https:\/\/www.strategicminerals.com\/#organization"},"potentialAction":[{"@type":"SearchAction","target":{"@type":"EntryPoint","urlTemplate":"https:\/\/www.strategicminerals.com\/?s={search_term_string}"},"query-input":"required name=search_term_string"}],"inLanguage":"es"},{"@type":"ImageObject","inLanguage":"es","@id":"https:\/\/www.strategicminerals.com\/es\/sostenibilidad\/#primaryimage","url":"https:\/\/www.strategicminerals.com\/wp-content\/uploads\/2022\/05\/arboles-2.jpg","contentUrl":"https:\/\/www.strategicminerals.com\/wp-content\/uploads\/2022\/05\/arboles-2.jpg","width":2401,"height":1261,"caption":"Plantaci\u00f3n de \u00e1rboles"},{"@type":"WebPage","@id":"https:\/\/www.strategicminerals.com\/es\/sostenibilidad\/#webpage","url":"https:\/\/www.strategicminerals.com\/es\/sostenibilidad\/","name":"Sostenibilidad | Strategic Minerals","isPartOf":{"@id":"https:\/\/www.strategicminerals.com\/#website"},"primaryImageOfPage":{"@id":"https:\/\/www.strategicminerals.com\/es\/sostenibilidad\/#primaryimage"},"datePublished":"2022-03-08T17:37:57+00:00","dateModified":"2023-04-27T10:01:18+00:00","description":"La sostenibilidad es un valor esencial en la filosof\u00eda empresarial de Strategic Minerals Europe","breadcrumb":{"@id":"https:\/\/www.strategicminerals.com\/es\/sostenibilidad\/#breadcrumb"},"inLanguage":"es","potentialAction":[{"@type":"ReadAction","target":["https:\/\/www.strategicminerals.com\/es\/sostenibilidad\/"]}]},{"@type":"BreadcrumbList","@id":"https:\/\/www.strategicminerals.com\/es\/sostenibilidad\/#breadcrumb","itemListElement":[{"@type":"ListItem","position":1,"name":"Home","item":"https:\/\/www.strategicminerals.com\/es\/"},{"@type":"ListItem","position":2,"name":"Sostenibilidad"}]}]}},"_links":{"self":[{"href":"https:\/\/www.strategicminerals.com\/es\/wp-json\/wp\/v2\/pages\/207","targetHints":{"allow":["GET"]}}],"collection":[{"href":"https:\/\/www.strategicminerals.com\/es\/wp-json\/wp\/v2\/pages"}],"about":[{"href":"https:\/\/www.strategicminerals.com\/es\/wp-json\/wp\/v2\/types\/page"}],"author":[{"embeddable":true,"href":"https:\/\/www.strategicminerals.com\/es\/wp-json\/wp\/v2\/users\/1"}],"replies":[{"embeddable":true,"href":"https:\/\/www.strategicminerals.com\/es\/wp-json\/wp\/v2\/comments?post=207"}],"version-history":[{"count":72,"href":"https:\/\/www.strategicminerals.com\/es\/wp-json\/wp\/v2\/pages\/207\/revisions"}],"predecessor-version":[{"id":2353,"href":"https:\/\/www.strategicminerals.com\/es\/wp-json\/wp\/v2\/pages\/207\/revisions\/2353"}],"wp:attachment":[{"href":"https:\/\/www.strategicminerals.com\/es\/wp-json\/wp\/v2\/media?parent=207"}],"curies":[{"name":"wp","href":"https:\/\/api.w.org\/{rel}","templated":true}]}}