{"id":671,"date":"2022-04-26T14:04:12","date_gmt":"2022-04-26T12:04:12","guid":{"rendered":"https:\/\/www.strategicminerals.com\/?page_id=671"},"modified":"2022-07-20T10:09:34","modified_gmt":"2022-07-20T08:09:34","slug":"repositorio","status":"publish","type":"page","link":"https:\/\/www.strategicminerals.com\/es\/repositorio\/","title":{"rendered":"Repositorio"},"content":{"rendered":"<p>[vc_row foundry_padding=\u00bbpt64 pb64&#8243; el_id=\u00bbprensa\u00bb][vc_column el_class=\u00bbtabs-generales\u00bb][vc_row_inner][vc_column_inner width=\u00bb1\/2&#8243; offset=\u00bbvc_col-lg-offset-3 vc_col-md-offset-3&#8243;][vc_column_text]<\/p>\n<p class=\"sup\" style=\"text-align: center;\">Repositorio<\/p>\n<h1 style=\"text-align: center;\"><strong>Fotograf\u00edas y v\u00eddeos<\/strong><\/h1>\n<p>[\/vc_column_text][\/vc_column_inner][\/vc_row_inner][\/vc_column][\/vc_row][vc_row foundry_padding=\u00bbpt0&#8243;][vc_column el_class=\u00bbtabs-generales\u00bb][vc_row_inner][vc_column_inner width=\u00bb1\/4&#8243;][vc_video link=\u00bbhttps:\/\/www.youtube.com\/watch?v=rGHS7mAjwJU\u00bb align=\u00bbcenter\u00bb][\/vc_column_inner][vc_column_inner width=\u00bb1\/4&#8243;][vc_video link=\u00bbhttps:\/\/www.youtube.com\/watch?v=9CcF_HRIeA4&#8243; align=\u00bbcenter\u00bb][\/vc_column_inner][vc_column_inner width=\u00bb1\/4&#8243;][vc_video link=\u00bbhttps:\/\/www.youtube.com\/watch?v=ADOnaPUorP0&#8243; align=\u00bbcenter\u00bb][\/vc_column_inner][vc_column_inner width=\u00bb1\/4&#8243;][vc_video link=\u00bbhttps:\/\/www.youtube.com\/watch?v=6xWMLe6NMro\u00bb align=\u00bbcenter\u00bb][\/vc_column_inner][\/vc_row_inner][vc_row_inner][vc_column_inner width=\u00bb1\/4&#8243;][vc_video link=\u00bbhttps:\/\/www.youtube.com\/watch?v=1D23qmKK2Ek\u00bb align=\u00bbcenter\u00bb][\/vc_column_inner][vc_column_inner width=\u00bb1\/4&#8243;][vc_video link=\u00bbhttps:\/\/www.youtube.com\/watch?v=JnGA5NE0zhQ\u00bb align=\u00bbcenter\u00bb][\/vc_column_inner][vc_column_inner width=\u00bb1\/4&#8243;][vc_video link=\u00bbhttps:\/\/www.youtube.com\/watch?v=Ql6UymssyaI\u00bb align=\u00bbcenter\u00bb][\/vc_column_inner][vc_column_inner width=\u00bb1\/4&#8243;][vc_video link=\u00bbhttps:\/\/www.youtube.com\/watch?v=1qP2x5SAe4U\u00bb align=\u00bbcenter\u00bb][\/vc_column_inner][\/vc_row_inner][\/vc_column][\/vc_row][vc_row foundry_padding=\u00bbpt0&#8243;][vc_column width=\u00bb2\/3&#8243; el_class=\u00bbtabs-generales\u00bb offset=\u00bbvc_col-lg-offset-2&#8243;][vc_tta_tabs][vc_tta_section title=\u00bbI+D+i\u00bb tab_id=\u00bb1651516977101-6d817a20-65f0&#8243;][vc_images_carousel images=\u00bb930,942,932,944,946,934&#8243; img_size=\u00bbfull\u00bb speed=\u00bb3000&#8243; autoplay=\u00bbyes\u00bb][\/vc_tta_section][vc_tta_section title=\u00bbAntigua Mina Penouta\u00bb tab_id=\u00bb1651516977122-ec832f69-13e5&#8243;][vc_images_carousel images=\u00bb928,936,924,926,938&#8243; img_size=\u00bbfull\u00bb speed=\u00bb3000&#8243; autoplay=\u00bbyes\u00bb][\/vc_tta_section][vc_tta_section title=\u00bbConstrucci\u00f3n instalaciones\u00bb tab_id=\u00bb1651516977135-40847ead-a57c\u00bb][vc_images_carousel images=\u00bb948,940,950,952,954&#8243; img_size=\u00bbfull\u00bb speed=\u00bb3000&#8243; autoplay=\u00bbyes\u00bb][\/vc_tta_section][vc_tta_section title=\u00bbTrabajos en las campa\u00f1as de sondeos\u00bb tab_id=\u00bb1651516977145-3583b404-efca\u00bb][vc_images_carousel images=\u00bb960,956,958&#8243; img_size=\u00bbfull\u00bb speed=\u00bb3000&#8243; autoplay=\u00bbyes\u00bb][\/vc_tta_section][\/vc_tta_tabs][\/vc_column][\/vc_row]<\/p>\n","protected":false},"excerpt":{"rendered":"<p>[vc_row foundry_padding=\u00bbpt64 pb64&#8243; el_id=\u00bbprensa\u00bb][vc_column el_class=\u00bbtabs-generales\u00bb][vc_row_inner][vc_column_inner width=\u00bb1\/2&#8243; offset=\u00bbvc_col-lg-offset-3 vc_col-md-offset-3&#8243;][vc_column_text] Repositorio Fotograf\u00edas y v\u00eddeos [\/vc_column_text][\/vc_column_inner][\/vc_row_inner][\/vc_column][\/vc_row][vc_row foundry_padding=\u00bbpt0&#8243;][vc_column el_class=\u00bbtabs-generales\u00bb][vc_row_inner][vc_column_inner width=\u00bb1\/4&#8243;][vc_video link=\u00bbhttps:\/\/www.youtube.com\/watch?v=rGHS7mAjwJU\u00bb align=\u00bbcenter\u00bb][\/vc_column_inner][vc_column_inner width=\u00bb1\/4&#8243;][vc_video link=\u00bbhttps:\/\/www.youtube.com\/watch?v=9CcF_HRIeA4&#8243; align=\u00bbcenter\u00bb][\/vc_column_inner][vc_column_inner&#8230;<\/p>\n","protected":false},"author":1,"featured_media":0,"parent":0,"menu_order":0,"comment_status":"closed","ping_status":"closed","template":"","meta":{"footnotes":"","_links_to":"","_links_to_target":""},"class_list":["post-671","page","type-page","status-publish","hentry"],"yoast_head":"<!-- This site is optimized with the Yoast SEO plugin v19.0 - https:\/\/yoast.com\/wordpress\/plugins\/seo\/ -->\n<title>Repositorio | Strategic Minerals<\/title>\n<meta name=\"description\" content=\"Consulta nuestro repositorio, un espacio en que podr\u00e1s conocernos a trav\u00e9s de los v\u00eddeos y fotograf\u00edas de Strategic Minerals.\" \/>\n<meta name=\"robots\" content=\"index, follow, max-snippet:-1, max-image-preview:large, max-video-preview:-1\" \/>\n<link rel=\"canonical\" href=\"https:\/\/www.strategicminerals.com\/es\/repositorio\/\" \/>\n<meta property=\"og:locale\" content=\"es_ES\" \/>\n<meta property=\"og:type\" content=\"article\" \/>\n<meta property=\"og:title\" content=\"Strategic Minerals | Repositorio\" \/>\n<meta property=\"og:description\" content=\"Consulta nuestro repositorio, un espacio en que podr\u00e1s conocernos a trav\u00e9s de los v\u00eddeos y fotograf\u00edas de Strategic Minerals.\" \/>\n<meta property=\"og:url\" content=\"https:\/\/www.strategicminerals.com\/es\/repositorio\/\" \/>\n<meta property=\"og:site_name\" content=\"Strategic Minerals\" \/>\n<meta property=\"article:publisher\" content=\"https:\/\/www.facebook.com\/strategicmineralsspain\/\" \/>\n<meta property=\"article:modified_time\" content=\"2022-07-20T08:09:34+00:00\" \/>\n<meta property=\"og:image\" content=\"https:\/\/www.strategicminerals.com\/wp-content\/uploads\/2022\/07\/SME-seofb.jpg\" \/>\n\t<meta property=\"og:image:width\" content=\"2401\" \/>\n\t<meta property=\"og:image:height\" content=\"1261\" \/>\n\t<meta property=\"og:image:type\" content=\"image\/jpeg\" \/>\n<meta name=\"twitter:card\" content=\"summary_large_image\" \/>\n<meta name=\"twitter:title\" content=\"Strategic Minerals | Repositorio\" \/>\n<meta name=\"twitter:description\" content=\"Consulta nuestro repositorio, un espacio en que podr\u00e1s conocernos a trav\u00e9s de los v\u00eddeos y fotograf\u00edas de Strategic Minerals.\" \/>\n<meta name=\"twitter:image\" content=\"https:\/\/www.strategicminerals.com\/wp-content\/uploads\/2022\/07\/SME-seotw.jpg\" \/>\n<meta name=\"twitter:label1\" content=\"Tiempo de lectura\" \/>\n\t<meta name=\"twitter:data1\" content=\"1 minuto\" \/>\n<script type=\"application\/ld+json\" class=\"yoast-schema-graph\">{\"@context\":\"https:\/\/schema.org\",\"@graph\":[{\"@type\":\"Organization\",\"@id\":\"https:\/\/www.strategicminerals.com\/#organization\",\"name\":\"Strategic Minerals Europe Corp.\",\"url\":\"https:\/\/www.strategicminerals.com\/\",\"sameAs\":[\"https:\/\/www.linkedin.com\/company\/strategic-minerals-spain\/\",\"https:\/\/www.facebook.com\/strategicmineralsspain\/\"],\"logo\":{\"@type\":\"ImageObject\",\"inLanguage\":\"es\",\"@id\":\"https:\/\/www.strategicminerals.com\/#\/schema\/logo\/image\/\",\"url\":\"https:\/\/www.strategicminerals.com\/wp-content\/uploads\/2022\/02\/SME-logotipo-pos.png\",\"contentUrl\":\"https:\/\/www.strategicminerals.com\/wp-content\/uploads\/2022\/02\/SME-logotipo-pos.png\",\"width\":1501,\"height\":451,\"caption\":\"Strategic Minerals Europe Corp.\"},\"image\":{\"@id\":\"https:\/\/www.strategicminerals.com\/#\/schema\/logo\/image\/\"}},{\"@type\":\"WebSite\",\"@id\":\"https:\/\/www.strategicminerals.com\/#website\",\"url\":\"https:\/\/www.strategicminerals.com\/\",\"name\":\"Strategic Minerals\",\"description\":\"Miner\u00eda responsable y sostenible\",\"publisher\":{\"@id\":\"https:\/\/www.strategicminerals.com\/#organization\"},\"potentialAction\":[{\"@type\":\"SearchAction\",\"target\":{\"@type\":\"EntryPoint\",\"urlTemplate\":\"https:\/\/www.strategicminerals.com\/?s={search_term_string}\"},\"query-input\":\"required name=search_term_string\"}],\"inLanguage\":\"es\"},{\"@type\":\"ImageObject\",\"inLanguage\":\"es\",\"@id\":\"https:\/\/www.strategicminerals.com\/es\/repositorio\/#primaryimage\",\"url\":\"https:\/\/www.strategicminerals.com\/wp-content\/uploads\/2022\/07\/SME-seofb.jpg\",\"contentUrl\":\"https:\/\/www.strategicminerals.com\/wp-content\/uploads\/2022\/07\/SME-seofb.jpg\",\"width\":2401,\"height\":1261,\"caption\":\"SME SEO FB\"},{\"@type\":\"WebPage\",\"@id\":\"https:\/\/www.strategicminerals.com\/es\/repositorio\/#webpage\",\"url\":\"https:\/\/www.strategicminerals.com\/es\/repositorio\/\",\"name\":\"Repositorio | Strategic Minerals\",\"isPartOf\":{\"@id\":\"https:\/\/www.strategicminerals.com\/#website\"},\"primaryImageOfPage\":{\"@id\":\"https:\/\/www.strategicminerals.com\/es\/repositorio\/#primaryimage\"},\"datePublished\":\"2022-04-26T12:04:12+00:00\",\"dateModified\":\"2022-07-20T08:09:34+00:00\",\"description\":\"Consulta nuestro repositorio, un espacio en que podr\u00e1s conocernos a trav\u00e9s de los v\u00eddeos y fotograf\u00edas de Strategic Minerals.\",\"breadcrumb\":{\"@id\":\"https:\/\/www.strategicminerals.com\/es\/repositorio\/#breadcrumb\"},\"inLanguage\":\"es\",\"potentialAction\":[{\"@type\":\"ReadAction\",\"target\":[\"https:\/\/www.strategicminerals.com\/es\/repositorio\/\"]}]},{\"@type\":\"BreadcrumbList\",\"@id\":\"https:\/\/www.strategicminerals.com\/es\/repositorio\/#breadcrumb\",\"itemListElement\":[{\"@type\":\"ListItem\",\"position\":1,\"name\":\"Home\",\"item\":\"https:\/\/www.strategicminerals.com\/es\/\"},{\"@type\":\"ListItem\",\"position\":2,\"name\":\"Repositorio\"}]}]}<\/script>\n<!-- \/ Yoast SEO plugin. -->","yoast_head_json":{"title":"Repositorio | Strategic Minerals","description":"Consulta nuestro repositorio, un espacio en que podr\u00e1s conocernos a trav\u00e9s de los v\u00eddeos y fotograf\u00edas de Strategic Minerals.","robots":{"index":"index","follow":"follow","max-snippet":"max-snippet:-1","max-image-preview":"max-image-preview:large","max-video-preview":"max-video-preview:-1"},"canonical":"https:\/\/www.strategicminerals.com\/es\/repositorio\/","og_locale":"es_ES","og_type":"article","og_title":"Strategic Minerals | Repositorio","og_description":"Consulta nuestro repositorio, un espacio en que podr\u00e1s conocernos a trav\u00e9s de los v\u00eddeos y fotograf\u00edas de Strategic Minerals.","og_url":"https:\/\/www.strategicminerals.com\/es\/repositorio\/","og_site_name":"Strategic Minerals","article_publisher":"https:\/\/www.facebook.com\/strategicmineralsspain\/","article_modified_time":"2022-07-20T08:09:34+00:00","og_image":[{"width":2401,"height":1261,"url":"https:\/\/www.strategicminerals.com\/wp-content\/uploads\/2022\/07\/SME-seofb.jpg","type":"image\/jpeg"}],"twitter_card":"summary_large_image","twitter_title":"Strategic Minerals | Repositorio","twitter_description":"Consulta nuestro repositorio, un espacio en que podr\u00e1s conocernos a trav\u00e9s de los v\u00eddeos y fotograf\u00edas de Strategic Minerals.","twitter_image":"https:\/\/www.strategicminerals.com\/wp-content\/uploads\/2022\/07\/SME-seotw.jpg","twitter_misc":{"Tiempo de lectura":"1 minuto"},"schema":{"@context":"https:\/\/schema.org","@graph":[{"@type":"Organization","@id":"https:\/\/www.strategicminerals.com\/#organization","name":"Strategic Minerals Europe Corp.","url":"https:\/\/www.strategicminerals.com\/","sameAs":["https:\/\/www.linkedin.com\/company\/strategic-minerals-spain\/","https:\/\/www.facebook.com\/strategicmineralsspain\/"],"logo":{"@type":"ImageObject","inLanguage":"es","@id":"https:\/\/www.strategicminerals.com\/#\/schema\/logo\/image\/","url":"https:\/\/www.strategicminerals.com\/wp-content\/uploads\/2022\/02\/SME-logotipo-pos.png","contentUrl":"https:\/\/www.strategicminerals.com\/wp-content\/uploads\/2022\/02\/SME-logotipo-pos.png","width":1501,"height":451,"caption":"Strategic Minerals Europe Corp."},"image":{"@id":"https:\/\/www.strategicminerals.com\/#\/schema\/logo\/image\/"}},{"@type":"WebSite","@id":"https:\/\/www.strategicminerals.com\/#website","url":"https:\/\/www.strategicminerals.com\/","name":"Strategic Minerals","description":"Miner\u00eda responsable y sostenible","publisher":{"@id":"https:\/\/www.strategicminerals.com\/#organization"},"potentialAction":[{"@type":"SearchAction","target":{"@type":"EntryPoint","urlTemplate":"https:\/\/www.strategicminerals.com\/?s={search_term_string}"},"query-input":"required name=search_term_string"}],"inLanguage":"es"},{"@type":"ImageObject","inLanguage":"es","@id":"https:\/\/www.strategicminerals.com\/es\/repositorio\/#primaryimage","url":"https:\/\/www.strategicminerals.com\/wp-content\/uploads\/2022\/07\/SME-seofb.jpg","contentUrl":"https:\/\/www.strategicminerals.com\/wp-content\/uploads\/2022\/07\/SME-seofb.jpg","width":2401,"height":1261,"caption":"SME SEO FB"},{"@type":"WebPage","@id":"https:\/\/www.strategicminerals.com\/es\/repositorio\/#webpage","url":"https:\/\/www.strategicminerals.com\/es\/repositorio\/","name":"Repositorio | Strategic Minerals","isPartOf":{"@id":"https:\/\/www.strategicminerals.com\/#website"},"primaryImageOfPage":{"@id":"https:\/\/www.strategicminerals.com\/es\/repositorio\/#primaryimage"},"datePublished":"2022-04-26T12:04:12+00:00","dateModified":"2022-07-20T08:09:34+00:00","description":"Consulta nuestro repositorio, un espacio en que podr\u00e1s conocernos a trav\u00e9s de los v\u00eddeos y fotograf\u00edas de Strategic Minerals.","breadcrumb":{"@id":"https:\/\/www.strategicminerals.com\/es\/repositorio\/#breadcrumb"},"inLanguage":"es","potentialAction":[{"@type":"ReadAction","target":["https:\/\/www.strategicminerals.com\/es\/repositorio\/"]}]},{"@type":"BreadcrumbList","@id":"https:\/\/www.strategicminerals.com\/es\/repositorio\/#breadcrumb","itemListElement":[{"@type":"ListItem","position":1,"name":"Home","item":"https:\/\/www.strategicminerals.com\/es\/"},{"@type":"ListItem","position":2,"name":"Repositorio"}]}]}},"_links":{"self":[{"href":"https:\/\/www.strategicminerals.com\/es\/wp-json\/wp\/v2\/pages\/671","targetHints":{"allow":["GET"]}}],"collection":[{"href":"https:\/\/www.strategicminerals.com\/es\/wp-json\/wp\/v2\/pages"}],"about":[{"href":"https:\/\/www.strategicminerals.com\/es\/wp-json\/wp\/v2\/types\/page"}],"author":[{"embeddable":true,"href":"https:\/\/www.strategicminerals.com\/es\/wp-json\/wp\/v2\/users\/1"}],"replies":[{"embeddable":true,"href":"https:\/\/www.strategicminerals.com\/es\/wp-json\/wp\/v2\/comments?post=671"}],"version-history":[{"count":7,"href":"https:\/\/www.strategicminerals.com\/es\/wp-json\/wp\/v2\/pages\/671\/revisions"}],"predecessor-version":[{"id":1335,"href":"https:\/\/www.strategicminerals.com\/es\/wp-json\/wp\/v2\/pages\/671\/revisions\/1335"}],"wp:attachment":[{"href":"https:\/\/www.strategicminerals.com\/es\/wp-json\/wp\/v2\/media?parent=671"}],"curies":[{"name":"wp","href":"https:\/\/api.w.org\/{rel}","templated":true}]}}