{"id":875,"date":"2022-05-02T18:47:29","date_gmt":"2022-05-02T16:47:29","guid":{"rendered":"https:\/\/www.strategicminerals.com\/?page_id=875"},"modified":"2022-07-20T10:09:00","modified_gmt":"2022-07-20T08:09:00","slug":"reconocimientos","status":"publish","type":"page","link":"https:\/\/www.strategicminerals.com\/es\/reconocimientos\/","title":{"rendered":"Reconocimientos"},"content":{"rendered":"<p>[vc_row foundry_padding=\u00bbpt64 pb64&#8243; el_class=\u00bbsostenibilidad\u00bb][vc_column width=\u00bb2\/3&#8243; offset=\u00bbvc_col-lg-offset-2 vc_col-md-offset-2&#8243;][vc_empty_space height=\u00bb150px\u00bb][vc_column_text]<\/p>\n<p class=\"sup\" style=\"text-align: center;\">Sostenibilidad<\/p>\n<h2 style=\"text-align: center;\"><strong>Reconocimientos<\/strong><\/h2>\n<p style=\"text-align: center;\">En el corto tiempo que la empresa lleva de actividad ha recibido distintos reconocimientos:<\/p>\n<p>[\/vc_column_text][vc_row_inner][vc_column_inner el_class=\u00bbbloque-reconocimiento\u00bb][vc_column_text]<a href=\"http:\/\/www.circulary.eu\/project\/strategic-minerals-recycled-mining-waste\/\" target=\"_blank\" rel=\"noopener\">Ha sido incluida en la Plataforma de la industria de la econom\u00eda circular de Business Europe como referente entre los proyectos europeos destacados en econom\u00eda circular.<\/a>[\/vc_column_text][\/vc_column_inner][\/vc_row_inner][vc_row_inner][vc_column_inner el_class=\u00bbbloque-reconocimiento\u00bb][vc_column_text]Fue seleccionada para formar parte de un estudio europeo de apoyo para la elaboraci\u00f3n de la gu\u00eda de mejores pr\u00e1cticas en los planes de gesti\u00f3n de residuos de las industrias extractivas en concordancia con el art\u00edculo 5 de la Directiva 2006\/21\/EC.[\/vc_column_text][\/vc_column_inner][\/vc_row_inner][vc_row_inner][vc_column_inner el_class=\u00bbbloque-reconocimiento\u00bb][vc_column_text]<strong>Recibi\u00f3 el reconocimiento dentro de la Uni\u00f3n Europea como empresa ejemplo de buenas pr\u00e1cticas en econom\u00eda circular:<\/strong><\/p>\n<p><a href=\"https:\/\/publications.jrc.ec.europa.eu\/repository\/bitstream\/JRC108710\/jrc108710-pdf-21-12-2017_final.pdf\" target=\"_blank\" rel=\"noopener\">Critical raw materials and the circular economy, JRC Science for Policy Report, December 2017<\/a><\/p>\n<p><a href=\"https:\/\/op.europa.eu\/en\/publication-detail\/-\/publication\/d1be1b43-e18f-11e8-b690-01aa75ed71a1\/language-en\" target=\"_blank\" rel=\"noopener\">Report on Critical Raw Materials and the Circular Economy, January 2018<\/a><\/p>\n<p><a href=\"https:\/\/op.europa.eu\/en\/publication-detail\/-\/publication\/f18472f8-36aa-11e9-8d04-01aa75ed71a1\/language-en\/format-PDF\/source-87989698\" target=\"_blank\" rel=\"noopener\">Development of a guidance document on best practices in the Extractive Waste Management Plans. Circular Economy Action, January 2019<\/a>[\/vc_column_text][\/vc_column_inner][\/vc_row_inner][vc_row_inner][vc_column_inner el_class=\u00bbbloque-reconocimiento\u00bb][vc_column_text]Forma parte, a trav\u00e9s de Strategic Minerals Spain, de la plataforma Miner\u00eda Sostenible de Galicia (<a href=\"https:\/\/minariasostible.gal\/es\/metales\/\">https:\/\/minariasostible.gal\/es\/metales\/<\/a>) que engloba las empresas mineras que explotan materias primas de forma sostenible en Galicia.[\/vc_column_text][\/vc_column_inner][\/vc_row_inner][vc_row_inner][vc_column_inner el_class=\u00bbbloque-reconocimiento\u00bb][vc_column_text]Fue galardonada con el premio EBAE edici\u00f3n 2019\/2020 (Premios Europeos de Medio Ambiente a la Empresa).[\/vc_column_text][\/vc_column_inner][\/vc_row_inner][vc_row_inner][vc_column_inner el_class=\u00bbbloque-reconocimiento\u00bb][vc_column_text]<strong>Fue invitada a participar en workshops organizados por organismos europeos:<\/strong><\/p>\n<p><a href=\"http:\/\/www.phytosudoe.eu\/en\/1st-phytosudoe-workshop-presentations-pdf-available\" target=\"_blank\" rel=\"noopener\">Workshop del proyecto PhytoSUDOE, un proyecto Interreg Sudoe financiado con fondos FEDER de la UE, llevado a cabo en Burdeos en 2017<\/a><\/p>\n<p><a href=\"#\" target=\"_blank\" rel=\"noopener\">Workshop \u201cRe-mining of Mining Waste for Critical Raw Materials\u201d, organizado por el Grupo Operacional de EIP on Raw Materials (DG Grow), en Bruselas en mayo de 2018<\/a>[\/vc_column_text][\/vc_column_inner][\/vc_row_inner][vc_row_inner][vc_column_inner el_class=\u00bbbloque-reconocimiento\u00bb][vc_column_text]<strong>Se ha involucrado, a trav\u00e9s de Strategic Minerals Spain, en asociaciones europeas para el desarrollo del sector de las materias primas cr\u00edticas desde el punto de vista de sostenibilidad y la econom\u00eda circular<\/strong><\/p>\n<p>Octubre 2020: Strategic Minerals Spain es miembro del grupo de gobernanza DG Grow de EIP on Raw Materials.<\/p>\n<p><a href=\"https:\/\/erma.eu\/\" target=\"_blank\" rel=\"noopener\">Desde diciembre 2020: Strategic Minerals es socio de European Raw Materials Alliance (ERMA)<\/a>[\/vc_column_text][\/vc_column_inner][\/vc_row_inner][vc_row_inner][vc_column_inner el_class=\u00bbbloque-reconocimiento\u00bb][vc_column_text]Estos reconocimientos han dado lugar a que en el informe JRC Science for Policy Report del 2019 (Recovery of critical and other raw materials from mining waste and landfills. State of play on existing practices) hayamos sido uno de los 10 ejemplos de proyectos europeos con un apartado propio, reflejo de las buenas pr\u00e1cticas en la recuperaci\u00f3n de materias primas cr\u00edticas.<\/p>\n<p><a href=\"https:\/\/ec.europa.eu\/jrc\/en\/publication\/recovery-critical-and-other-raw-materials-mining-waste-and-landfills\" target=\"_blank\" rel=\"noopener\">Saber m\u00e1s<\/a>[\/vc_column_text][\/vc_column_inner][\/vc_row_inner][\/vc_column][\/vc_row]<\/p>\n","protected":false},"excerpt":{"rendered":"<p>[vc_row foundry_padding=\u00bbpt64 pb64&#8243; el_class=\u00bbsostenibilidad\u00bb][vc_column width=\u00bb2\/3&#8243; offset=\u00bbvc_col-lg-offset-2 vc_col-md-offset-2&#8243;][vc_empty_space height=\u00bb150px\u00bb][vc_column_text] Sostenibilidad Reconocimientos En el corto tiempo que la empresa lleva de actividad ha&#8230;<\/p>\n","protected":false},"author":1,"featured_media":0,"parent":0,"menu_order":0,"comment_status":"closed","ping_status":"closed","template":"","meta":{"footnotes":"","_links_to":"","_links_to_target":""},"class_list":["post-875","page","type-page","status-publish","hentry"],"yoast_head":"<!-- This site is optimized with the Yoast SEO plugin v19.0 - https:\/\/yoast.com\/wordpress\/plugins\/seo\/ -->\n<title>Reconocimientos | Strategic Minerals<\/title>\n<meta name=\"description\" content=\"Descubre todos los reconocimientos y toda la informaci\u00f3n sobre ellos a trav\u00e9s de nuestra web. Y contacta con nosotros para dudas.\" \/>\n<meta name=\"robots\" content=\"index, follow, max-snippet:-1, max-image-preview:large, max-video-preview:-1\" \/>\n<link rel=\"canonical\" href=\"https:\/\/www.strategicminerals.com\/es\/reconocimientos\/\" \/>\n<meta property=\"og:locale\" content=\"es_ES\" \/>\n<meta property=\"og:type\" content=\"article\" \/>\n<meta property=\"og:title\" content=\"Strategic Minerals | Reconocimientos\" \/>\n<meta property=\"og:description\" content=\"Descubre todos los reconocimientos y toda la informaci\u00f3n sobre ellos a trav\u00e9s de nuestra web. Y contacta con nosotros para dudas.\" \/>\n<meta property=\"og:url\" content=\"https:\/\/www.strategicminerals.com\/es\/reconocimientos\/\" \/>\n<meta property=\"og:site_name\" content=\"Strategic Minerals\" \/>\n<meta property=\"article:publisher\" content=\"https:\/\/www.facebook.com\/strategicmineralsspain\/\" \/>\n<meta property=\"article:modified_time\" content=\"2022-07-20T08:09:00+00:00\" \/>\n<meta property=\"og:image\" content=\"https:\/\/www.strategicminerals.com\/wp-content\/uploads\/2022\/07\/SME-seofb.jpg\" \/>\n\t<meta property=\"og:image:width\" content=\"2401\" \/>\n\t<meta property=\"og:image:height\" content=\"1261\" \/>\n\t<meta property=\"og:image:type\" content=\"image\/jpeg\" \/>\n<meta name=\"twitter:card\" content=\"summary_large_image\" \/>\n<meta name=\"twitter:title\" content=\"Strategic Minerals | Reconocimientos\" \/>\n<meta name=\"twitter:description\" content=\"Descubre todos los reconocimientos y toda la informaci\u00f3n sobre ellos a trav\u00e9s de nuestra web. Y contacta con nosotros para dudas.\" \/>\n<meta name=\"twitter:image\" content=\"https:\/\/www.strategicminerals.com\/wp-content\/uploads\/2022\/07\/SME-seotw.jpg\" \/>\n<meta name=\"twitter:label1\" content=\"Tiempo de lectura\" \/>\n\t<meta name=\"twitter:data1\" content=\"2 minutos\" \/>\n<script type=\"application\/ld+json\" class=\"yoast-schema-graph\">{\"@context\":\"https:\/\/schema.org\",\"@graph\":[{\"@type\":\"Organization\",\"@id\":\"https:\/\/www.strategicminerals.com\/#organization\",\"name\":\"Strategic Minerals Europe Corp.\",\"url\":\"https:\/\/www.strategicminerals.com\/\",\"sameAs\":[\"https:\/\/www.linkedin.com\/company\/strategic-minerals-spain\/\",\"https:\/\/www.facebook.com\/strategicmineralsspain\/\"],\"logo\":{\"@type\":\"ImageObject\",\"inLanguage\":\"es\",\"@id\":\"https:\/\/www.strategicminerals.com\/#\/schema\/logo\/image\/\",\"url\":\"https:\/\/www.strategicminerals.com\/wp-content\/uploads\/2022\/02\/SME-logotipo-pos.png\",\"contentUrl\":\"https:\/\/www.strategicminerals.com\/wp-content\/uploads\/2022\/02\/SME-logotipo-pos.png\",\"width\":1501,\"height\":451,\"caption\":\"Strategic Minerals Europe Corp.\"},\"image\":{\"@id\":\"https:\/\/www.strategicminerals.com\/#\/schema\/logo\/image\/\"}},{\"@type\":\"WebSite\",\"@id\":\"https:\/\/www.strategicminerals.com\/#website\",\"url\":\"https:\/\/www.strategicminerals.com\/\",\"name\":\"Strategic Minerals\",\"description\":\"Miner\u00eda responsable y sostenible\",\"publisher\":{\"@id\":\"https:\/\/www.strategicminerals.com\/#organization\"},\"potentialAction\":[{\"@type\":\"SearchAction\",\"target\":{\"@type\":\"EntryPoint\",\"urlTemplate\":\"https:\/\/www.strategicminerals.com\/?s={search_term_string}\"},\"query-input\":\"required name=search_term_string\"}],\"inLanguage\":\"es\"},{\"@type\":\"ImageObject\",\"inLanguage\":\"es\",\"@id\":\"https:\/\/www.strategicminerals.com\/es\/reconocimientos\/#primaryimage\",\"url\":\"https:\/\/www.strategicminerals.com\/wp-content\/uploads\/2022\/07\/SME-seofb.jpg\",\"contentUrl\":\"https:\/\/www.strategicminerals.com\/wp-content\/uploads\/2022\/07\/SME-seofb.jpg\",\"width\":2401,\"height\":1261,\"caption\":\"SME SEO FB\"},{\"@type\":\"WebPage\",\"@id\":\"https:\/\/www.strategicminerals.com\/es\/reconocimientos\/#webpage\",\"url\":\"https:\/\/www.strategicminerals.com\/es\/reconocimientos\/\",\"name\":\"Reconocimientos | Strategic Minerals\",\"isPartOf\":{\"@id\":\"https:\/\/www.strategicminerals.com\/#website\"},\"primaryImageOfPage\":{\"@id\":\"https:\/\/www.strategicminerals.com\/es\/reconocimientos\/#primaryimage\"},\"datePublished\":\"2022-05-02T16:47:29+00:00\",\"dateModified\":\"2022-07-20T08:09:00+00:00\",\"description\":\"Descubre todos los reconocimientos y toda la informaci\u00f3n sobre ellos a trav\u00e9s de nuestra web. Y contacta con nosotros para dudas.\",\"breadcrumb\":{\"@id\":\"https:\/\/www.strategicminerals.com\/es\/reconocimientos\/#breadcrumb\"},\"inLanguage\":\"es\",\"potentialAction\":[{\"@type\":\"ReadAction\",\"target\":[\"https:\/\/www.strategicminerals.com\/es\/reconocimientos\/\"]}]},{\"@type\":\"BreadcrumbList\",\"@id\":\"https:\/\/www.strategicminerals.com\/es\/reconocimientos\/#breadcrumb\",\"itemListElement\":[{\"@type\":\"ListItem\",\"position\":1,\"name\":\"Home\",\"item\":\"https:\/\/www.strategicminerals.com\/es\/\"},{\"@type\":\"ListItem\",\"position\":2,\"name\":\"Reconocimientos\"}]}]}<\/script>\n<!-- \/ Yoast SEO plugin. -->","yoast_head_json":{"title":"Reconocimientos | Strategic Minerals","description":"Descubre todos los reconocimientos y toda la informaci\u00f3n sobre ellos a trav\u00e9s de nuestra web. Y contacta con nosotros para dudas.","robots":{"index":"index","follow":"follow","max-snippet":"max-snippet:-1","max-image-preview":"max-image-preview:large","max-video-preview":"max-video-preview:-1"},"canonical":"https:\/\/www.strategicminerals.com\/es\/reconocimientos\/","og_locale":"es_ES","og_type":"article","og_title":"Strategic Minerals | Reconocimientos","og_description":"Descubre todos los reconocimientos y toda la informaci\u00f3n sobre ellos a trav\u00e9s de nuestra web. Y contacta con nosotros para dudas.","og_url":"https:\/\/www.strategicminerals.com\/es\/reconocimientos\/","og_site_name":"Strategic Minerals","article_publisher":"https:\/\/www.facebook.com\/strategicmineralsspain\/","article_modified_time":"2022-07-20T08:09:00+00:00","og_image":[{"width":2401,"height":1261,"url":"https:\/\/www.strategicminerals.com\/wp-content\/uploads\/2022\/07\/SME-seofb.jpg","type":"image\/jpeg"}],"twitter_card":"summary_large_image","twitter_title":"Strategic Minerals | Reconocimientos","twitter_description":"Descubre todos los reconocimientos y toda la informaci\u00f3n sobre ellos a trav\u00e9s de nuestra web. Y contacta con nosotros para dudas.","twitter_image":"https:\/\/www.strategicminerals.com\/wp-content\/uploads\/2022\/07\/SME-seotw.jpg","twitter_misc":{"Tiempo de lectura":"2 minutos"},"schema":{"@context":"https:\/\/schema.org","@graph":[{"@type":"Organization","@id":"https:\/\/www.strategicminerals.com\/#organization","name":"Strategic Minerals Europe Corp.","url":"https:\/\/www.strategicminerals.com\/","sameAs":["https:\/\/www.linkedin.com\/company\/strategic-minerals-spain\/","https:\/\/www.facebook.com\/strategicmineralsspain\/"],"logo":{"@type":"ImageObject","inLanguage":"es","@id":"https:\/\/www.strategicminerals.com\/#\/schema\/logo\/image\/","url":"https:\/\/www.strategicminerals.com\/wp-content\/uploads\/2022\/02\/SME-logotipo-pos.png","contentUrl":"https:\/\/www.strategicminerals.com\/wp-content\/uploads\/2022\/02\/SME-logotipo-pos.png","width":1501,"height":451,"caption":"Strategic Minerals Europe Corp."},"image":{"@id":"https:\/\/www.strategicminerals.com\/#\/schema\/logo\/image\/"}},{"@type":"WebSite","@id":"https:\/\/www.strategicminerals.com\/#website","url":"https:\/\/www.strategicminerals.com\/","name":"Strategic Minerals","description":"Miner\u00eda responsable y sostenible","publisher":{"@id":"https:\/\/www.strategicminerals.com\/#organization"},"potentialAction":[{"@type":"SearchAction","target":{"@type":"EntryPoint","urlTemplate":"https:\/\/www.strategicminerals.com\/?s={search_term_string}"},"query-input":"required name=search_term_string"}],"inLanguage":"es"},{"@type":"ImageObject","inLanguage":"es","@id":"https:\/\/www.strategicminerals.com\/es\/reconocimientos\/#primaryimage","url":"https:\/\/www.strategicminerals.com\/wp-content\/uploads\/2022\/07\/SME-seofb.jpg","contentUrl":"https:\/\/www.strategicminerals.com\/wp-content\/uploads\/2022\/07\/SME-seofb.jpg","width":2401,"height":1261,"caption":"SME SEO FB"},{"@type":"WebPage","@id":"https:\/\/www.strategicminerals.com\/es\/reconocimientos\/#webpage","url":"https:\/\/www.strategicminerals.com\/es\/reconocimientos\/","name":"Reconocimientos | Strategic Minerals","isPartOf":{"@id":"https:\/\/www.strategicminerals.com\/#website"},"primaryImageOfPage":{"@id":"https:\/\/www.strategicminerals.com\/es\/reconocimientos\/#primaryimage"},"datePublished":"2022-05-02T16:47:29+00:00","dateModified":"2022-07-20T08:09:00+00:00","description":"Descubre todos los reconocimientos y toda la informaci\u00f3n sobre ellos a trav\u00e9s de nuestra web. Y contacta con nosotros para dudas.","breadcrumb":{"@id":"https:\/\/www.strategicminerals.com\/es\/reconocimientos\/#breadcrumb"},"inLanguage":"es","potentialAction":[{"@type":"ReadAction","target":["https:\/\/www.strategicminerals.com\/es\/reconocimientos\/"]}]},{"@type":"BreadcrumbList","@id":"https:\/\/www.strategicminerals.com\/es\/reconocimientos\/#breadcrumb","itemListElement":[{"@type":"ListItem","position":1,"name":"Home","item":"https:\/\/www.strategicminerals.com\/es\/"},{"@type":"ListItem","position":2,"name":"Reconocimientos"}]}]}},"_links":{"self":[{"href":"https:\/\/www.strategicminerals.com\/es\/wp-json\/wp\/v2\/pages\/875","targetHints":{"allow":["GET"]}}],"collection":[{"href":"https:\/\/www.strategicminerals.com\/es\/wp-json\/wp\/v2\/pages"}],"about":[{"href":"https:\/\/www.strategicminerals.com\/es\/wp-json\/wp\/v2\/types\/page"}],"author":[{"embeddable":true,"href":"https:\/\/www.strategicminerals.com\/es\/wp-json\/wp\/v2\/users\/1"}],"replies":[{"embeddable":true,"href":"https:\/\/www.strategicminerals.com\/es\/wp-json\/wp\/v2\/comments?post=875"}],"version-history":[{"count":6,"href":"https:\/\/www.strategicminerals.com\/es\/wp-json\/wp\/v2\/pages\/875\/revisions"}],"predecessor-version":[{"id":1957,"href":"https:\/\/www.strategicminerals.com\/es\/wp-json\/wp\/v2\/pages\/875\/revisions\/1957"}],"wp:attachment":[{"href":"https:\/\/www.strategicminerals.com\/es\/wp-json\/wp\/v2\/media?parent=875"}],"curies":[{"name":"wp","href":"https:\/\/api.w.org\/{rel}","templated":true}]}}